{"id":125,"date":"2019-07-11T18:06:40","date_gmt":"2019-07-11T18:06:40","guid":{"rendered":"http:\/\/nobiwerk.com\/?page_id=125"},"modified":"2026-04-16T08:49:08","modified_gmt":"2026-04-16T08:49:08","slug":"kita-hucky-bucky","status":"publish","type":"page","link":"https:\/\/nobiwerk.com\/de\/kita-kindergarten\/kita-hucky-bucky","title":{"rendered":"Kita Hucky Bucky"},"content":{"rendered":"<div class=\"vc_row wpb_row vc_row-fluid vc_custom_1571948136016 vc_column-gap-20 vc_row-o-equal-height vc_row-o-content-top vc_row-flex\"><div class=\"wpb_column vc_column_container vc_col-sm-4\"><div class=\"vc_column-inner vc_custom_1562869783638\"><div class=\"wpb_wrapper\"><\/div><\/div><\/div><div class=\"wpb_column vc_column_container vc_col-sm-8\"><div class=\"vc_column-inner\"><div class=\"wpb_wrapper\"><h2 style=\"color: #97c9c9;text-align: right\" class=\"vc_custom_heading kitaslogan vc_custom_1583489677981\" >Hakke Bakke Skogen in Berlin-Lichtenberg<\/h2><\/div><\/div><\/div><\/div><div class=\"vc_row wpb_row vc_row-fluid vc_custom_1562872533533 vc_column-gap-35\"><div class=\"wpb_column vc_column_container vc_col-sm-8\"><div class=\"vc_column-inner\"><div class=\"wpb_wrapper\">\n\t<div class=\"wpb_text_column wpb_content_element  vc_custom_1692955199761 kita\" >\n\t\t<div class=\"wpb_wrapper\">\n\t\t\t<h1>Kita Hucky Bucky<\/h1>\n<p>Die Kita Hucky Bucky (M\u00e4rchen aus Norwegen, \u201eHakke Bakke Skogen\u201c) in der L\u00fcckstra\u00dfe 28 in Lichtenberg ist eine bilinguale Kita mit den Sprachen Deutsch und Englisch. Wir haben Platz f\u00fcr 25 Kinder in zwei Gruppen \u2013 eine f\u00fcr 10 U3-Kinder und eine f\u00fcr 15 \u00dc3-Kinder.<\/p>\n<p>Hucky Bucky arbeitet nach einem offenen Konzept, wo Kinder im Alter zwischen einem und sechs Jahren gemeinsam den Alltag erleben. In der P\u00e4dagogik wird der Schwerpunkt auf dem Situationsansatz gelegt, d.h. die Interessen und Ideen der Kinder stehen im Zentrum. Die Kita verf\u00fcgt \u00fcber eine eigene K\u00fcche, eine Au\u00dfenanlage und ein angrenzender Wald erweitert zus\u00e4tzlich die Naturerfahrungsm\u00f6glichkeiten.<\/p>\n\n\t\t<\/div>\n\t<\/div>\n<\/div><\/div><\/div><div class=\"wpb_column vc_column_container vc_col-sm-4 vc_col-has-fill\"><div class=\"vc_column-inner vc_custom_1572000178269\"><div class=\"wpb_wrapper\">\n\t<div class=\"wpb_text_column wpb_content_element\" >\n\t\t<div class=\"wpb_wrapper\">\n\t\t\t<h4>Kontakt<\/h4>\n<p>Una S\u00e6varsd\u00f3ttir<br \/>\n<span style=\"color: #8ab5b8;\">P\u00e4dagogische Leitung<\/span><\/p>\n<p>L\u00fcckstra\u00dfe 28<br \/>\n10317 Berlin<\/p>\n<p>+49(0)030-6295 8420<\/p>\n\n\t\t<\/div>\n\t<\/div>\n<div class=\"vc_btn3-container vc_btn3-inline\" ><a class=\"vc_general vc_btn3 vc_btn3-size-md vc_btn3-shape-square vc_btn3-style-3d vc_btn3-color-sandy-brown\" href=\"https:\/\/nobiwerk.com\/de\/kita-kindergarten\/kita-anmeldung-warteliste\/\" title=\"Kita Anmeldung \/ Warteliste\" target=\"_blank\">Anmeldung<\/a><\/div><div class=\"vc_btn3-container vc_btn3-inline vc_custom_1653391166158\" ><a class=\"vc_general vc_btn3 vc_btn3-size-md vc_btn3-shape-square vc_btn3-style-3d vc_btn3-color-sandy-brown\" href=\"https:\/\/nobiwerk.com\/wp-content\/uploads\/2022\/05\/2019-HB-Pa\u0308dagogisches-Konzept-GESCHU\u0308TZT.pdf\" title=\"Kita Hucky Bucky - P\u00e4dagogisches Konzept\" target=\"_blank\">Konzept Download<\/a><\/div><\/div><\/div><\/div><\/div><div class=\"vc_row wpb_row vc_row-fluid vc_custom_1728910406706 vc_column-gap-35 vc_row-o-equal-height vc_row-flex\"><div class=\"wpb_column vc_column_container vc_col-sm-6 vc_col-has-fill\"><div class=\"vc_column-inner vc_custom_1572000238884\"><div class=\"wpb_wrapper\">\n\t<div class=\"wpb_text_column wpb_content_element  boxtitle\" >\n\t\t<div class=\"wpb_wrapper\">\n\t\t\t<h3>Kita Lillebror<\/h3>\n<p>Die Kita Lillebror (schwedisch: kleiner Bruder) befindet sich in Mariendorf im gleichen Haus wie Deutsch-Skandinavische Gemeinschaftsschule. Eine viersprachige Kita mit Platz f\u00fcr 58 Kinder.<\/p>\n\n\t\t<\/div>\n\t<\/div>\n<div class=\"vc_btn3-container vc_btn3-inline\" ><a class=\"vc_general vc_btn3 vc_btn3-size-md vc_btn3-shape-square vc_btn3-style-3d vc_btn3-color-sandy-brown\" href=\"https:\/\/nobiwerk.com\/de\/kita-kindergarten\/kita-lillebror\/\" title=\"\">mehr lesen<\/a><\/div><\/div><\/div><\/div><div class=\"wpb_column vc_column_container vc_col-sm-6 vc_col-has-fill\"><div class=\"vc_column-inner vc_custom_1572000225592\"><div class=\"wpb_wrapper\">\n\t<div class=\"wpb_text_column wpb_content_element  boxtitle\" >\n\t\t<div class=\"wpb_wrapper\">\n\t\t\t<h3>Kita Tommelise<\/h3>\n<p>Die Kita Tommlise (D\u00e4umelinchen) ist dreisprachig \u2013 Englisch \u2013 D\u00e4nisch \u2013 Deutsch. Sie bietet Platz f\u00fcr 70 Kinder und befindet sich im Neubaugebiet \u201eNeumarien\u201c in Neuk\u00f6lln.<\/p>\n\n\t\t<\/div>\n\t<\/div>\n<div class=\"vc_btn3-container vc_btn3-inline\" ><a class=\"vc_general vc_btn3 vc_btn3-size-md vc_btn3-shape-square vc_btn3-style-3d vc_btn3-color-sandy-brown\" href=\"https:\/\/nobiwerk.com\/de\/kita-kindergarten\/kita-tommelise\/\" title=\"\">mehr lesen<\/a><\/div><\/div><\/div><\/div><\/div><div class=\"vc_row wpb_row vc_row-fluid vc_custom_1572000424356 vc_column-gap-35 vc_row-o-equal-height vc_row-flex\"><div class=\"wpb_column vc_column_container vc_col-sm-6 vc_col-has-fill\"><div class=\"vc_column-inner vc_custom_1572000238884\"><div class=\"wpb_wrapper\">\n\t<div class=\"wpb_text_column wpb_content_element  boxtitle\" >\n\t\t<div class=\"wpb_wrapper\">\n\t\t\t<h3>Kita Mucklabo<\/h3>\n<p>Kita Mucklabo, ist die Schwester-Kita von Kita Lillebror. Die R\u00e4ume liegen im Herzen von Neuk\u00f6lln und es ist ein Ort f\u00fcr 25 skandinavisch-sprachige Familien in Berlin. Ihr findet uns Mucklas in der Wederstr. 87-89, 12347 Berlin.<\/p>\n\n\t\t<\/div>\n\t<\/div>\n<div class=\"vc_btn3-container vc_btn3-inline\" ><a class=\"vc_general vc_btn3 vc_btn3-size-md vc_btn3-shape-square vc_btn3-style-3d vc_btn3-color-sandy-brown\" href=\"https:\/\/nobiwerk.com\/de\/kita-kindergarten\/kita-mucklabo\/\" title=\"\">mehr lesen<\/a><\/div><\/div><\/div><\/div><\/div><div class=\"vc_row wpb_row vc_row-fluid\"><div class=\"wpb_column vc_column_container vc_col-sm-12\"><div class=\"vc_column-inner\"><div class=\"wpb_wrapper\"><\/div><\/div><\/div><\/div>","protected":false},"excerpt":{"rendered":"Hakke Bakke Skogen in Berlin-Lichtenberg Kita Hucky Bucky Die Kita Hucky Bucky (M\u00e4rchen aus Norwegen, \u201eHakke Bakke Skogen\u201c) in der L\u00fcckstra\u00dfe 28 in Lichtenberg ist eine<span class=\"excerpt-hellip\"> [\u2026]<\/span>","protected":false},"author":1,"featured_media":0,"parent":118,"menu_order":0,"comment_status":"closed","ping_status":"closed","template":"","meta":{"footnotes":""},"yoast_head":"<!-- This site is optimized with the Yoast SEO plugin v22.0 - https:\/\/yoast.com\/wordpress\/plugins\/seo\/ -->\n<title>Kita Hucky Bucky - Svenske, Danske og Norske barnehager i Berlin<\/title>\n<meta name=\"robots\" content=\"index, follow, max-snippet:-1, max-image-preview:large, max-video-preview:-1\" \/>\n<link rel=\"canonical\" href=\"https:\/\/nobiwerk.com\/de\/kita-kindergarten\/kita-hucky-bucky\/\" \/>\n<meta property=\"og:locale\" content=\"de_DE\" \/>\n<meta property=\"og:type\" content=\"article\" \/>\n<meta property=\"og:title\" content=\"Kita Hucky Bucky - Svenske, Danske og Norske barnehager i Berlin\" \/>\n<meta property=\"og:url\" content=\"https:\/\/nobiwerk.com\/de\/kita-kindergarten\/kita-hucky-bucky\/\" \/>\n<meta property=\"og:site_name\" content=\"nobiwerk\" \/>\n<meta property=\"article:publisher\" content=\"https:\/\/www.facebook.com\/nobiwerk\" \/>\n<meta property=\"article:modified_time\" content=\"2026-04-16T08:49:08+00:00\" \/>\n<meta property=\"og:image\" content=\"https:\/\/nobiwerk.com\/wp-content\/uploads\/2019\/11\/nobiwerk-windows-touch-icon-310.png\" \/>\n\t<meta property=\"og:image:width\" content=\"310\" \/>\n\t<meta property=\"og:image:height\" content=\"310\" \/>\n\t<meta property=\"og:image:type\" content=\"image\/png\" \/>\n<meta name=\"twitter:card\" content=\"summary_large_image\" \/>\n<meta name=\"twitter:label1\" content=\"Gesch\u00e4tzte Lesezeit\" \/>\n\t<meta name=\"twitter:data1\" content=\"2\u00a0Minuten\" \/>\n<script type=\"application\/ld+json\" class=\"yoast-schema-graph\">{\"@context\":\"https:\/\/schema.org\",\"@graph\":[{\"@type\":\"WebPage\",\"@id\":\"https:\/\/nobiwerk.com\/kita-kindergarten\/kita-hucky-bucky\",\"url\":\"https:\/\/nobiwerk.com\/kita-kindergarten\/kita-hucky-bucky\",\"name\":\"Kita Hucky Bucky - Svenske, Danske og Norske barnehager i Berlin\",\"isPartOf\":{\"@id\":\"https:\/\/nobiwerk.com\/#website\"},\"datePublished\":\"2019-07-11T18:06:40+00:00\",\"dateModified\":\"2026-04-16T08:49:08+00:00\",\"breadcrumb\":{\"@id\":\"https:\/\/nobiwerk.com\/kita-kindergarten\/kita-hucky-bucky#breadcrumb\"},\"inLanguage\":\"de\",\"potentialAction\":[{\"@type\":\"ReadAction\",\"target\":[\"https:\/\/nobiwerk.com\/kita-kindergarten\/kita-hucky-bucky\"]}]},{\"@type\":\"BreadcrumbList\",\"@id\":\"https:\/\/nobiwerk.com\/kita-kindergarten\/kita-hucky-bucky#breadcrumb\",\"itemListElement\":[{\"@type\":\"ListItem\",\"position\":1,\"name\":\"Startseite\",\"item\":\"https:\/\/nobiwerk.com\/\"},{\"@type\":\"ListItem\",\"position\":2,\"name\":\"KITA\",\"item\":\"https:\/\/nobiwerk.com\/kita-kindergarten\"},{\"@type\":\"ListItem\",\"position\":3,\"name\":\"Kita Hucky Bucky\"}]},{\"@type\":\"WebSite\",\"@id\":\"https:\/\/nobiwerk.com\/#website\",\"url\":\"https:\/\/nobiwerk.com\/\",\"name\":\"nobiwerk\",\"description\":\"Svenske, Danske og Norske barnehager i Berlin\",\"publisher\":{\"@id\":\"https:\/\/nobiwerk.com\/#organization\"},\"potentialAction\":[{\"@type\":\"SearchAction\",\"target\":{\"@type\":\"EntryPoint\",\"urlTemplate\":\"https:\/\/nobiwerk.com\/?s={search_term_string}\"},\"query-input\":\"required name=search_term_string\"}],\"inLanguage\":\"de\"},{\"@type\":\"Organization\",\"@id\":\"https:\/\/nobiwerk.com\/#organization\",\"name\":\"nobiwerk\",\"url\":\"https:\/\/nobiwerk.com\/\",\"logo\":{\"@type\":\"ImageObject\",\"inLanguage\":\"de\",\"@id\":\"https:\/\/nobiwerk.com\/#\/schema\/logo\/image\/\",\"url\":\"https:\/\/nobiwerk.com\/wp-content\/uploads\/2019\/11\/nobiwerk-windows-touch-icon-310.png\",\"contentUrl\":\"https:\/\/nobiwerk.com\/wp-content\/uploads\/2019\/11\/nobiwerk-windows-touch-icon-310.png\",\"width\":310,\"height\":310,\"caption\":\"nobiwerk\"},\"image\":{\"@id\":\"https:\/\/nobiwerk.com\/#\/schema\/logo\/image\/\"},\"sameAs\":[\"https:\/\/www.facebook.com\/nobiwerk\"]}]}<\/script>\n<!-- \/ Yoast SEO plugin. -->","yoast_head_json":{"title":"Kita Hucky Bucky - Svenske, Danske og Norske barnehager i Berlin","robots":{"index":"index","follow":"follow","max-snippet":"max-snippet:-1","max-image-preview":"max-image-preview:large","max-video-preview":"max-video-preview:-1"},"canonical":"https:\/\/nobiwerk.com\/de\/kita-kindergarten\/kita-hucky-bucky\/","og_locale":"de_DE","og_type":"article","og_title":"Kita Hucky Bucky - Svenske, Danske og Norske barnehager i Berlin","og_url":"https:\/\/nobiwerk.com\/de\/kita-kindergarten\/kita-hucky-bucky\/","og_site_name":"nobiwerk","article_publisher":"https:\/\/www.facebook.com\/nobiwerk","article_modified_time":"2026-04-16T08:49:08+00:00","og_image":[{"width":310,"height":310,"url":"https:\/\/nobiwerk.com\/wp-content\/uploads\/2019\/11\/nobiwerk-windows-touch-icon-310.png","type":"image\/png"}],"twitter_card":"summary_large_image","twitter_misc":{"Gesch\u00e4tzte Lesezeit":"2\u00a0Minuten"},"schema":{"@context":"https:\/\/schema.org","@graph":[{"@type":"WebPage","@id":"https:\/\/nobiwerk.com\/kita-kindergarten\/kita-hucky-bucky","url":"https:\/\/nobiwerk.com\/kita-kindergarten\/kita-hucky-bucky","name":"Kita Hucky Bucky - Svenske, Danske og Norske barnehager i Berlin","isPartOf":{"@id":"https:\/\/nobiwerk.com\/#website"},"datePublished":"2019-07-11T18:06:40+00:00","dateModified":"2026-04-16T08:49:08+00:00","breadcrumb":{"@id":"https:\/\/nobiwerk.com\/kita-kindergarten\/kita-hucky-bucky#breadcrumb"},"inLanguage":"de","potentialAction":[{"@type":"ReadAction","target":["https:\/\/nobiwerk.com\/kita-kindergarten\/kita-hucky-bucky"]}]},{"@type":"BreadcrumbList","@id":"https:\/\/nobiwerk.com\/kita-kindergarten\/kita-hucky-bucky#breadcrumb","itemListElement":[{"@type":"ListItem","position":1,"name":"Startseite","item":"https:\/\/nobiwerk.com\/"},{"@type":"ListItem","position":2,"name":"KITA","item":"https:\/\/nobiwerk.com\/kita-kindergarten"},{"@type":"ListItem","position":3,"name":"Kita Hucky Bucky"}]},{"@type":"WebSite","@id":"https:\/\/nobiwerk.com\/#website","url":"https:\/\/nobiwerk.com\/","name":"nobiwerk","description":"Svenske, Danske og Norske barnehager i Berlin","publisher":{"@id":"https:\/\/nobiwerk.com\/#organization"},"potentialAction":[{"@type":"SearchAction","target":{"@type":"EntryPoint","urlTemplate":"https:\/\/nobiwerk.com\/?s={search_term_string}"},"query-input":"required name=search_term_string"}],"inLanguage":"de"},{"@type":"Organization","@id":"https:\/\/nobiwerk.com\/#organization","name":"nobiwerk","url":"https:\/\/nobiwerk.com\/","logo":{"@type":"ImageObject","inLanguage":"de","@id":"https:\/\/nobiwerk.com\/#\/schema\/logo\/image\/","url":"https:\/\/nobiwerk.com\/wp-content\/uploads\/2019\/11\/nobiwerk-windows-touch-icon-310.png","contentUrl":"https:\/\/nobiwerk.com\/wp-content\/uploads\/2019\/11\/nobiwerk-windows-touch-icon-310.png","width":310,"height":310,"caption":"nobiwerk"},"image":{"@id":"https:\/\/nobiwerk.com\/#\/schema\/logo\/image\/"},"sameAs":["https:\/\/www.facebook.com\/nobiwerk"]}]}},"_links":{"self":[{"href":"https:\/\/nobiwerk.com\/de\/wp-json\/wp\/v2\/pages\/125"}],"collection":[{"href":"https:\/\/nobiwerk.com\/de\/wp-json\/wp\/v2\/pages"}],"about":[{"href":"https:\/\/nobiwerk.com\/de\/wp-json\/wp\/v2\/types\/page"}],"author":[{"embeddable":true,"href":"https:\/\/nobiwerk.com\/de\/wp-json\/wp\/v2\/users\/1"}],"replies":[{"embeddable":true,"href":"https:\/\/nobiwerk.com\/de\/wp-json\/wp\/v2\/comments?post=125"}],"version-history":[{"count":109,"href":"https:\/\/nobiwerk.com\/de\/wp-json\/wp\/v2\/pages\/125\/revisions"}],"predecessor-version":[{"id":2115,"href":"https:\/\/nobiwerk.com\/de\/wp-json\/wp\/v2\/pages\/125\/revisions\/2115"}],"up":[{"embeddable":true,"href":"https:\/\/nobiwerk.com\/de\/wp-json\/wp\/v2\/pages\/118"}],"wp:attachment":[{"href":"https:\/\/nobiwerk.com\/de\/wp-json\/wp\/v2\/media?parent=125"}],"curies":[{"name":"wp","href":"https:\/\/api.w.org\/{rel}","templated":true}]}}