{"id":1404,"date":"2021-07-31T12:39:50","date_gmt":"2021-07-31T12:39:50","guid":{"rendered":"https:\/\/nobiwerk.com\/?page_id=1404"},"modified":"2022-11-03T08:31:22","modified_gmt":"2022-11-03T08:31:22","slug":"kita-anmeldung-warteliste","status":"publish","type":"page","link":"https:\/\/nobiwerk.com\/de\/kita-kindergarten\/kita-anmeldung-warteliste","title":{"rendered":"Kita Anmeldung \/ Warteliste"},"content":{"rendered":"<div class=\"vc_row wpb_row vc_row-fluid vc_custom_1571948136016 vc_column-gap-20 vc_row-o-equal-height vc_row-o-content-top vc_row-flex\"><div class=\"wpb_column vc_column_container vc_col-sm-4\"><div class=\"vc_column-inner vc_custom_1562869783638\"><div class=\"wpb_wrapper\"><\/div><\/div><\/div><div class=\"wpb_column vc_column_container vc_col-sm-8\"><div class=\"vc_column-inner\"><div class=\"wpb_wrapper\"><h2 style=\"color: #97c9c9;text-align: right\" class=\"vc_custom_heading kitaslogan vc_custom_1627735074071\" >Anmeldung \/ Warteliste<\/h2><\/div><\/div><\/div><\/div><div class=\"vc_row wpb_row vc_row-fluid\"><div class=\"wpb_column vc_column_container vc_col-sm-6\"><div class=\"vc_column-inner\"><div class=\"wpb_wrapper\">\n\t<div class=\"wpb_text_column wpb_content_element  wpb_animate_when_almost_visible wpb_appear appear\" >\n\t\t<div class=\"wpb_wrapper\">\n\t\t\t<h1><strong>Willkommen. Wichtig!<\/strong><\/h1>\n\n\t\t<\/div>\n\t<\/div>\n\n\t<div class=\"wpb_text_column wpb_content_element\" >\n\t\t<div class=\"wpb_wrapper\">\n\t\t\t<p>Es ist wichtig, dass Ihr alle Felder korrekt ausf\u00fcllt, sonst wird Eure Anmeldung nicht ber\u00fccksichtigt!<br \/>\nIm Feld &#8220;Bemerkungen&#8221; muss Du die folgenden Fragen beantworten:<\/p>\n<p>1: Welche Sprachen werden im Haushalt gesprochen?<br \/>\n2: Warum seid Ihr an genau dieser Kita interessiert?<br \/>\n3: Staatsangeh\u00f6rigkeit (Eltern &amp; Kind)<\/p>\n<p>Vielen Dank<\/p>\n\n\t\t<\/div>\n\t<\/div>\n<\/div><\/div><\/div><div class=\"wpb_column vc_column_container vc_col-sm-6\"><div class=\"vc_column-inner\"><div class=\"wpb_wrapper\">\n\t<div class=\"wpb_text_column wpb_content_element  wpb_animate_when_almost_visible wpb_appear appear\" >\n\t\t<div class=\"wpb_wrapper\">\n\t\t\t<h1><strong>Welcome. Important!<\/strong><\/h1>\n\n\t\t<\/div>\n\t<\/div>\n\n\t<div class=\"wpb_text_column wpb_content_element\" >\n\t\t<div class=\"wpb_wrapper\">\n\t\t\t<p>It is important that you fill in all the fields correctly or we cannot accept your submission!<br \/>\nIn the field &#8220;Bemerkungen&#8221; it is required to answer the following questions:<\/p>\n<p>1: What languages are spoken at home?<br \/>\n2: Why are you interested in this particular Kindergarten?<br \/>\n3: Citizenship (Parents &amp; child)<\/p>\n<p>Thank you.<\/p>\n\n\t\t<\/div>\n\t<\/div>\n<\/div><\/div><\/div><\/div><div class=\"vc_row wpb_row vc_row-fluid vc_custom_1572000424356 vc_column-gap-35 vc_row-o-equal-height vc_row-flex\"><div class=\"wpb_column vc_column_container vc_col-sm-12 vc_col-has-fill\"><div class=\"vc_column-inner vc_custom_1627736418813\"><div class=\"wpb_wrapper\">\n\t<div class=\"wpb_text_column wpb_content_element  boxtitle\" >\n\t\t<div class=\"wpb_wrapper\">\n\t\t\t<h3>Kita Anmeldung \/ Warteliste<\/h3>\n<script src=\"https:\/\/leandoo.com\/core\/js\/jquery3.7.0.min.js?v=1.0.0\"><\/script>\n<link rel=\"stylesheet\" href=\"https:\/\/leandoo.com\/core\/css\/jquery-ui1.13.1.css\">\n<script src=\"https:\/\/leandoo.com\/core\/js\/jquery-ui1.13.1.min.js\"><\/script>\n<script src=\"https:\/\/leandoo.com\/api\/waitinglist\/v1\/scripts.js?v=1.29\"><\/script><script type=\"text\/javascript\" language=\"javascript\">var givenLeandooLang = \"de\";<\/script><link rel=\"stylesheet\" type=\"text\/css\" href=\"https:\/\/leandoo.com\/api\/waitinglist\/v1\/layout.css?v=1.37\" \/><form action=\"\" id=\"waitinglist\" enctype=\"multipart\/form-data\" method=\"post\" autocomplete=\"off\" data-trp-original-action=\"\"><label for=\"firstname\">Name des Kindes <span class=\"required\">*<\/span><\/label><input name=\"leandoo_waitinglist[firstname]\" id=\"firstname\" value=\"\" type=\"text\" placeholder=\"Vorname\"><input name=\"leandoo_waitinglist[lastname]\" id=\"lastname\" value=\"\" type=\"text\" placeholder=\"Nachname\">\n\t\t\t<div class=\"clr\"><\/div><label for=\"birthday\">Geburtsdatum <span class=\"small\">(z.B. 29.04.2026, falls noch nicht geboren, vorauss. Geb.-Dat.)<\/span> <span class=\"required\">*<\/span><\/label><input name=\"leandoo_waitinglist[birthday]\" id=\"birthday\" value=\"\" type=\"text\" class=\"datepicker\"><label for=\"gender\">Geschlecht <span class=\"required\">*<\/span><\/label><select name=\"leandoo_waitinglist[gender]\" id=\"gender\"><option value=\"choose\">bitte w\u00e4hlen<\/option><option value=\"female\">weiblich<\/option><option value=\"male\">m\u00e4nnlich<\/option><option value=\"divers\">divers<\/option><option value=\"na\">noch nicht geboren<\/option><\/select><div class=\"clr\"><\/div><label for=\"wishdate\">Wunschtermin Aufnahme <span class=\"small\">(z.B. 29.04.2026)<\/span> <span style=\"color:red;\">*<\/span><\/label><input name=\"leandoo_waitinglist[wishdate]\" id=\"wishdate\" value=\"\" type=\"text\" class=\"datepicker\"><div class=\"clr\"><\/div><label for=\"brosis\">Geschwisterkind bereits in Einrichtung <span class=\"required\">*<\/span><\/label><select name=\"leandoo_waitinglist[brosis]\" id=\"brosis\"><option value=\"choose\">bitte w\u00e4hlen<\/option><option value=\"yes\">ja<\/option><option value=\"no\">nein<\/option><\/select><div class=\"clr\"><\/div><label for=\"comments\">Bemerkungen<\/label><textarea name=\"leandoo_waitinglist[comments]\" id=\"comments\"><\/textarea><div class=\"clr\"><\/div><div class=\"spacer\"><\/div><div class=\"clients\"><div class=\"question\">F\u00fcr welche Einrichtungen m\u00f6chten Sie Ihr Kind anmelden?<\/div><div class=\"clientList\"><div class=\"selectedClient\"><input type=\"checkbox\" name=\"leandoo_waitinglist[choosenclient][]\" id=\"ckcl_WnN4NG1NYlFtMGNzRmpZUWhJQXZLZz09Ojo5OTU4OTRhZThiYTczN2Ux\" value=\"WnN4NG1NYlFtMGNzRmpZUWhJQXZLZz09Ojo5OTU4OTRhZThiYTczN2Ux\"><label for=\"ckcl_WnN4NG1NYlFtMGNzRmpZUWhJQXZLZz09Ojo5OTU4OTRhZThiYTczN2Ux\">Kita Lillebror<span class=\"small\">Im Marienpark  15, 12107 Berlin<\/span><\/label><\/div><div class=\"services\"><div class=\"selectedService\">Gew\u00fcnschter Betreuungsumfang<\/div><ul><li><input type=\"checkbox\" name=\"leandoo_waitinglist[choosenservice][]\" value=\"Z2xFQTdTcUJ5VGxwWno4elh1SEVGZz09Ojo5OTU4OTRhZThiYTczN2Ux\" id=\"serviceZ2xFQTdTcUJ5VGxwWno4elh1SEVGZz09Ojo5OTU4OTRhZThiYTczN2Ux\"><label for=\"serviceZ2xFQTdTcUJ5VGxwWno4elh1SEVGZz09Ojo5OTU4OTRhZThiYTczN2Ux\">Ganztags erweitert<\/label><\/li><li><input type=\"checkbox\" name=\"leandoo_waitinglist[choosenservice][]\" value=\"N2FsNVcwaTRSUTE3WnpVSGw0NnEvdz09Ojo5OTU4OTRhZThiYTczN2Ux\" id=\"serviceN2FsNVcwaTRSUTE3WnpVSGw0NnEvdz09Ojo5OTU4OTRhZThiYTczN2Ux\"><label for=\"serviceN2FsNVcwaTRSUTE3WnpVSGw0NnEvdz09Ojo5OTU4OTRhZThiYTczN2Ux\">Ganztags<\/label><\/li><li><input type=\"checkbox\" name=\"leandoo_waitinglist[choosenservice][]\" value=\"R2JJL0VsUytkeUpIUC9oNVp3ZTgzQT09Ojo5OTU4OTRhZThiYTczN2Ux\" id=\"serviceR2JJL0VsUytkeUpIUC9oNVp3ZTgzQT09Ojo5OTU4OTRhZThiYTczN2Ux\"><label for=\"serviceR2JJL0VsUytkeUpIUC9oNVp3ZTgzQT09Ojo5OTU4OTRhZThiYTczN2Ux\">Teilzeit<\/label><\/li><\/ul><div class=\"clr\"><\/div><\/div><\/div><div class=\"clientList\"><div class=\"selectedClient\"><input type=\"checkbox\" name=\"leandoo_waitinglist[choosenclient][]\" id=\"ckcl_T1ZpU0pJckJrdHJ4NHRUdDNJYTNCZz09Ojo5OTU4OTRhZThiYTczN2Ux\" value=\"T1ZpU0pJckJrdHJ4NHRUdDNJYTNCZz09Ojo5OTU4OTRhZThiYTczN2Ux\"><label for=\"ckcl_T1ZpU0pJckJrdHJ4NHRUdDNJYTNCZz09Ojo5OTU4OTRhZThiYTczN2Ux\">Kita Tommelise<span class=\"small\">Mariendorfer Weg 54-55, 12051 Berlin<\/span><\/label><\/div><div class=\"services\"><div class=\"selectedService\">Gew\u00fcnschter Betreuungsumfang<\/div><ul><li><input type=\"checkbox\" name=\"leandoo_waitinglist[choosenservice][]\" value=\"c0NzMEpTVlFCZUVDWmpEelpKWk9QZz09Ojo5OTU4OTRhZThiYTczN2Ux\" id=\"servicec0NzMEpTVlFCZUVDWmpEelpKWk9QZz09Ojo5OTU4OTRhZThiYTczN2Ux\"><label for=\"servicec0NzMEpTVlFCZUVDWmpEelpKWk9QZz09Ojo5OTU4OTRhZThiYTczN2Ux\">Ganztags erweitert<\/label><\/li><li><input type=\"checkbox\" name=\"leandoo_waitinglist[choosenservice][]\" value=\"OWZLYzBuNVdSWHVqNGhValhUbHgzUT09Ojo5OTU4OTRhZThiYTczN2Ux\" id=\"serviceOWZLYzBuNVdSWHVqNGhValhUbHgzUT09Ojo5OTU4OTRhZThiYTczN2Ux\"><label for=\"serviceOWZLYzBuNVdSWHVqNGhValhUbHgzUT09Ojo5OTU4OTRhZThiYTczN2Ux\">Ganztags<\/label><\/li><li><input type=\"checkbox\" name=\"leandoo_waitinglist[choosenservice][]\" value=\"eW1na1BYWE4xcGZkVXJ1N29ab0hLZz09Ojo5OTU4OTRhZThiYTczN2Ux\" id=\"serviceeW1na1BYWE4xcGZkVXJ1N29ab0hLZz09Ojo5OTU4OTRhZThiYTczN2Ux\"><label for=\"serviceeW1na1BYWE4xcGZkVXJ1N29ab0hLZz09Ojo5OTU4OTRhZThiYTczN2Ux\">Teilzeit<\/label><\/li><\/ul><div class=\"clr\"><\/div><\/div><\/div><div class=\"clientList\"><div class=\"selectedClient\"><input type=\"checkbox\" name=\"leandoo_waitinglist[choosenclient][]\" id=\"ckcl_enh4b1VTblRlSVJKUys2MDVMK3d3dz09Ojo5OTU4OTRhZThiYTczN2Ux\" value=\"enh4b1VTblRlSVJKUys2MDVMK3d3dz09Ojo5OTU4OTRhZThiYTczN2Ux\"><label for=\"ckcl_enh4b1VTblRlSVJKUys2MDVMK3d3dz09Ojo5OTU4OTRhZThiYTczN2Ux\">Kita Hucky Bucky<span class=\"small\">L\u00fcckstra\u00dfe 28, 10317 Berlin<\/span><\/label><\/div><div class=\"services\"><div class=\"selectedService\">Gew\u00fcnschter Betreuungsumfang<\/div><ul><li><input type=\"checkbox\" name=\"leandoo_waitinglist[choosenservice][]\" value=\"SUtwNnFDZ0tkeW5vQXY1WGsvM3lzZz09Ojo5OTU4OTRhZThiYTczN2Ux\" id=\"serviceSUtwNnFDZ0tkeW5vQXY1WGsvM3lzZz09Ojo5OTU4OTRhZThiYTczN2Ux\"><label for=\"serviceSUtwNnFDZ0tkeW5vQXY1WGsvM3lzZz09Ojo5OTU4OTRhZThiYTczN2Ux\">Ganztags erweitert<\/label><\/li><li><input type=\"checkbox\" name=\"leandoo_waitinglist[choosenservice][]\" value=\"UDQ3NGp6dzJpYlI3M1ZYbUl6SERIZz09Ojo5OTU4OTRhZThiYTczN2Ux\" id=\"serviceUDQ3NGp6dzJpYlI3M1ZYbUl6SERIZz09Ojo5OTU4OTRhZThiYTczN2Ux\"><label for=\"serviceUDQ3NGp6dzJpYlI3M1ZYbUl6SERIZz09Ojo5OTU4OTRhZThiYTczN2Ux\">Ganztags<\/label><\/li><li><input type=\"checkbox\" name=\"leandoo_waitinglist[choosenservice][]\" value=\"aFA5Zm9nZGF1L0hjbWxnTDNRU3NrZz09Ojo5OTU4OTRhZThiYTczN2Ux\" id=\"serviceaFA5Zm9nZGF1L0hjbWxnTDNRU3NrZz09Ojo5OTU4OTRhZThiYTczN2Ux\"><label for=\"serviceaFA5Zm9nZGF1L0hjbWxnTDNRU3NrZz09Ojo5OTU4OTRhZThiYTczN2Ux\">Teilzeit<\/label><\/li><\/ul><div class=\"clr\"><\/div><\/div><\/div><div class=\"clientList\"><div class=\"selectedClient\"><input type=\"checkbox\" name=\"leandoo_waitinglist[choosenclient][]\" id=\"ckcl_M2xXTGF2UmxHVjZSTUowcWxZU0lYdz09Ojo5OTU4OTRhZThiYTczN2Ux\" value=\"M2xXTGF2UmxHVjZSTUowcWxZU0lYdz09Ojo5OTU4OTRhZThiYTczN2Ux\"><label for=\"ckcl_M2xXTGF2UmxHVjZSTUowcWxZU0lYdz09Ojo5OTU4OTRhZThiYTczN2Ux\">Kita Mucklabo<span class=\"small\">Wederstra\u00dfe 87-89, 12347 Berlin<\/span><\/label><\/div><div class=\"services\"><div class=\"selectedService\">Gew\u00fcnschter Betreuungsumfang<\/div><ul><li><input type=\"checkbox\" name=\"leandoo_waitinglist[choosenservice][]\" value=\"SzRJbHhxSXVTNCs4WFB5aG1wZ0QwZz09Ojo5OTU4OTRhZThiYTczN2Ux\" id=\"serviceSzRJbHhxSXVTNCs4WFB5aG1wZ0QwZz09Ojo5OTU4OTRhZThiYTczN2Ux\"><label for=\"serviceSzRJbHhxSXVTNCs4WFB5aG1wZ0QwZz09Ojo5OTU4OTRhZThiYTczN2Ux\">Ganztags<\/label><\/li><li><input type=\"checkbox\" name=\"leandoo_waitinglist[choosenservice][]\" value=\"SWh5OHBDV0FjaUFZU0dMQmlJTTJCdz09Ojo5OTU4OTRhZThiYTczN2Ux\" id=\"serviceSWh5OHBDV0FjaUFZU0dMQmlJTTJCdz09Ojo5OTU4OTRhZThiYTczN2Ux\"><label for=\"serviceSWh5OHBDV0FjaUFZU0dMQmlJTTJCdz09Ojo5OTU4OTRhZThiYTczN2Ux\">Teilzeit<\/label><\/li><li><input type=\"checkbox\" name=\"leandoo_waitinglist[choosenservice][]\" value=\"WUxKRURZUDdTb0x6TlFzWGVLNnltUT09Ojo5OTU4OTRhZThiYTczN2Ux\" id=\"serviceWUxKRURZUDdTb0x6TlFzWGVLNnltUT09Ojo5OTU4OTRhZThiYTczN2Ux\"><label for=\"serviceWUxKRURZUDdTb0x6TlFzWGVLNnltUT09Ojo5OTU4OTRhZThiYTczN2Ux\">Ganztags erweitert<\/label><\/li><\/ul><div class=\"clr\"><\/div><\/div><\/div><\/div><label for=\"parent_1_firstname\"><strong>1. Elternteil<\/strong> <span class=\"required\">*<\/span><\/label><input name=\"leandoo_waitinglist[parent_1_firstname]\" id=\"parent_1_firstname\" value=\"\" type=\"text\" placeholder=\"Vorname\"><input name=\"leandoo_waitinglist[parent_1_lastname]\" id=\"parent_1_lastname\" value=\"\" type=\"text\" placeholder=\"Nachname\"><div class=\"clr\"><\/div><input name=\"leandoo_waitinglist[parent_1_street]\" id=\"parent_1_street\" value=\"\" type=\"text\" placeholder=\"Stra\u00dfe\"><input name=\"leandoo_waitinglist[parent_1_street_no]\" id=\"parent_1_street_no\" value=\"\" type=\"text\" placeholder=\"Nr.\"><div class=\"clr\"><\/div><input name=\"leandoo_waitinglist[parent_1_postal_code]\" id=\"parent_1_postal_code\" value=\"\" type=\"text\" placeholder=\"PLZ\"><input name=\"leandoo_waitinglist[parent_1_city]\" id=\"parent_1_city\" value=\"\" type=\"text\" placeholder=\"Ort\" style=\"width:68%; float:right;\"><div class=\"clr\"><\/div><input name=\"leandoo_waitinglist[parent_1_email]\" id=\"parent_1_email\" value=\"\" type=\"text\" placeholder=\"E-Mail\"><input name=\"leandoo_waitinglist[parent_1_phone]\" id=\"parent_1_phone\" value=\"\" type=\"text\" placeholder=\"Telefon\/Mobil\"><div class=\"clr\"><\/div><div class=\"spacer\" style=\"width:65%;\"><\/div><label for=\"parent_2_firstname\"><strong>2. Elternteil<\/strong><\/label><input name=\"leandoo_waitinglist[parent_2_firstname]\" id=\"parent_2_firstname\" value=\"\" type=\"text\" placeholder=\"Vorname\"><input name=\"leandoo_waitinglist[parent_2_lastname]\" id=\"parent_2_lastname\" value=\"\" type=\"text\" placeholder=\"Nachname\"><div class=\"clr\"><\/div><input name=\"leandoo_waitinglist[parent_2_street]\" id=\"parent_2_street\" value=\"\" type=\"text\" placeholder=\"Stra\u00dfe\"><input name=\"leandoo_waitinglist[parent_2_street_no]\" id=\"parent_2_street_no\" value=\"\" type=\"text\" placeholder=\"Nr.\"><div class=\"clr\"><\/div><input name=\"leandoo_waitinglist[parent_2_postal_code]\" id=\"parent_2_postal_code\" value=\"\" type=\"text\" placeholder=\"PLZ\"><input name=\"leandoo_waitinglist[parent_2_city]\" id=\"parent_2_city\" value=\"\" type=\"text\" placeholder=\"Ort\" style=\"width:68%; float:right;\"><div class=\"clr\"><\/div><input name=\"leandoo_waitinglist[parent_2_email]\" id=\"parent_2_email\" value=\"\" type=\"text\" placeholder=\"E-Mail\"><input name=\"leandoo_waitinglist[parent_2_phone]\" id=\"parent_2_phone\" value=\"\" type=\"text\" placeholder=\"Telefon\/Mobil\"><div class=\"clr\"><\/div><div class=\"spacer\" style=\"width:65%;\"><\/div><a href=\"https:\/\/nobiwerk.com\/de\/datenschutz\/\" target=\"new\">https:\/\/nobiwerk.com\/datenschutz<\/a><p><img src=\"https:\/\/leandoo.com\/includes\/captcha\/captcha.php\" border=\"0\" title=\"Sicherheitscode\" \/><input name=\"leandoo_waitinglist[captcha]\" type=\"text\" placeholder=\"Sicherheitscode\"><\/p><div class=\"checkTerms\">\n                <input type=\"checkbox\" name=\"leandoo_waitinglist[dpcheck]\" id=\"checkterms\" value=\"yes\" class=\"check\">\n                    <label for=\"checkterms\">\n\t\t\t\t\t\t<p><strong>Leandoo-Hinweis zu diesem Anmeldeformular<\/strong><\/p>\n\t\t\t\t\t\t<p>Wir arbeiten mit der innovativen Kita-Verwaltungs-Software Leandoo. Wenn Sie \u00fcber dieses Anmeldeformular Ihr Interesse an einem Kindergartenplatz bei uns bekunden und eine Anmeldung vornehmen, werden die von Ihnen eingegebenen personenbezogenen Daten an unsere Kita-Verwaltungs-Software Leandoo \u00fcbermittelt und automatisch gespeichert. Solche auf freiwilliger Basis von Ihnen an uns \u00fcbermittelten personenbezogenen Daten werden f\u00fcr <strong>Zwecke der Bearbeitung oder der Kontaktaufnahme<\/strong> mit Ihnen gespeichert. Es erfolgt keine Weitergabe dieser personenbezogenen Daten an Dritte.<\/p>\n\t\t\t\t\t\t<p>Die Datenverarbeitung geschieht ausschlie\u00dflich zum Zwecke der Bekundung Ihres Interesses an einen Betreuungsplatz sowie der darauffolgenden Kommunikation mit Ihnen.<\/p>\n\t\t\t\t\t\t<p>Der f\u00fcr die Verarbeitung Verantwortliche erteilt Ihnen jederzeit auf Anfrage Auskunft dar\u00fcber, welche personenbezogenen Daten \u00fcber Sie gespeichert sind. Auf Ihren Wunsch oder Hinweis werden Ihre personenbezogenen Daten berichtigt oder gel\u00f6scht, soweit dem keine gesetzlichen Aufbewahrungspflichten entgegenstehen.<\/p>\n                    <\/label>\n                <\/div><input name=\"leandoo_waitinglist[token]\" type=\"hidden\" value=\"c5ff2543b53f4cc0ad3819a36752467b\"><input type=\"hidden\" name=\"leandoo_waitinglist[senddata2leandoo]\" value=\"yes\"><input type=\"submit\" name=\"button\" id=\"SendBtn\" value=\"F\u00fcr Warteliste verbindlich anmelden\"><input type=\"hidden\" name=\"trp-form-language\" value=\"de\"\/><\/form>\n\n\t\t<\/div>\n\t<\/div>\n<\/div><\/div><\/div><\/div><div class=\"vc_row wpb_row vc_row-fluid vc_custom_1572000424356 vc_column-gap-35 vc_row-o-equal-height vc_row-flex\"><div class=\"wpb_column vc_column_container vc_col-sm-4 vc_col-has-fill\"><div class=\"vc_column-inner vc_custom_1572000238884\"><div class=\"wpb_wrapper\">\n\t<div class=\"wpb_text_column wpb_content_element  boxtitle\" >\n\t\t<div class=\"wpb_wrapper\">\n\t\t\t<h3>Kita Lillebror<\/h3>\n<p>Die Kita Lillebror (schwedisch: kleiner Bruder) befindet sich in Mariendorf im gleichen Haus wie Deutsch-Skandinavische Gemeinschaftsschule. Eine viersprachige Kita mit Platz f\u00fcr 58 Kinder.<\/p>\n\n\t\t<\/div>\n\t<\/div>\n<div class=\"vc_btn3-container vc_btn3-inline\" ><a class=\"vc_general vc_btn3 vc_btn3-size-md vc_btn3-shape-square vc_btn3-style-3d vc_btn3-color-sandy-brown\" href=\"https:\/\/nobiwerk.com\/de\/kita-kindergarten\/kita-lillebror\/\" title=\"\">mehr lesen<\/a><\/div><\/div><\/div><\/div><div class=\"wpb_column vc_column_container vc_col-sm-4 vc_col-has-fill\"><div class=\"vc_column-inner vc_custom_1572000225592\"><div class=\"wpb_wrapper\">\n\t<div class=\"wpb_text_column wpb_content_element  boxtitle\" >\n\t\t<div class=\"wpb_wrapper\">\n\t\t\t<h3>Kita Tommelise<\/h3>\n<p>Die Kita Tommlise (D\u00e4umelinchen) ist dreisprachig \u2013 Englisch \u2013 D\u00e4nisch \u2013 Deutsch. Sie bietet Platz f\u00fcr 70 Kinder und befindet sich im Neubaugebiet \u201eNeumarien\u201c in Neuk\u00f6lln.<\/p>\n\n\t\t<\/div>\n\t<\/div>\n<div class=\"vc_btn3-container vc_btn3-inline\" ><a class=\"vc_general vc_btn3 vc_btn3-size-md vc_btn3-shape-square vc_btn3-style-3d vc_btn3-color-sandy-brown\" href=\"https:\/\/nobiwerk.com\/de\/kita-kindergarten\/kita-tommelise\/\" title=\"\">mehr lesen<\/a><\/div><\/div><\/div><\/div><div class=\"wpb_column vc_column_container vc_col-sm-4 vc_col-has-fill\"><div class=\"vc_column-inner vc_custom_1627736113256\"><div class=\"wpb_wrapper\">\n\t<div class=\"wpb_text_column wpb_content_element  boxtitle\" >\n\t\t<div class=\"wpb_wrapper\">\n\t\t\t<h3>Kita Hucky Bucky<\/h3>\n<p>Die Kita Hucky Bucky (M\u00e4rchen aus Norwegen, \u201eHakke Bakke Skogen\u201c) in Lichtenberg ist eine bilinguale Kita f\u00fcr 25 Kinder mit den Sprachen Deutsch und Englisch.<\/p>\n\n\t\t<\/div>\n\t<\/div>\n<div class=\"vc_btn3-container vc_btn3-inline\" ><a class=\"vc_general vc_btn3 vc_btn3-size-md vc_btn3-shape-square vc_btn3-style-3d vc_btn3-color-sandy-brown\" href=\"https:\/\/nobiwerk.com\/de\/kita-kindergarten\/kita-hucky-bucky\/\" title=\"Kita Hucky Bucky\">mehr lesen<\/a><\/div><\/div><\/div><\/div><\/div>","protected":false},"excerpt":{"rendered":"Anmeldung \/ Warteliste Willkommen. Wichtig! Es ist wichtig, dass Ihr alle Felder korrekt ausf\u00fcllt, sonst wird Eure Anmeldung nicht ber\u00fccksichtigt! Im Feld \"Bemerkungen\" muss Du die<span class=\"excerpt-hellip\"> [\u2026]<\/span>","protected":false},"author":1,"featured_media":0,"parent":118,"menu_order":0,"comment_status":"closed","ping_status":"closed","template":"","meta":{"footnotes":""},"yoast_head":"<!-- This site is optimized with the Yoast SEO plugin v22.0 - https:\/\/yoast.com\/wordpress\/plugins\/seo\/ -->\n<title>Kita Anmeldung \/ Warteliste - Svenske, Danske og Norske barnehager i Berlin<\/title>\n<meta name=\"robots\" content=\"index, follow, max-snippet:-1, max-image-preview:large, max-video-preview:-1\" \/>\n<link rel=\"canonical\" href=\"https:\/\/nobiwerk.com\/de\/kita-kindergarten\/kita-anmeldung-warteliste\/\" \/>\n<meta property=\"og:locale\" content=\"de_DE\" \/>\n<meta property=\"og:type\" content=\"article\" \/>\n<meta property=\"og:title\" content=\"Kita Anmeldung \/ Warteliste - Svenske, Danske og Norske barnehager i Berlin\" \/>\n<meta property=\"og:url\" content=\"https:\/\/nobiwerk.com\/de\/kita-kindergarten\/kita-anmeldung-warteliste\/\" \/>\n<meta property=\"og:site_name\" content=\"nobiwerk\" \/>\n<meta property=\"article:publisher\" content=\"https:\/\/www.facebook.com\/nobiwerk\" \/>\n<meta property=\"article:modified_time\" content=\"2022-11-03T08:31:22+00:00\" \/>\n<meta property=\"og:image\" content=\"https:\/\/nobiwerk.com\/wp-content\/uploads\/2019\/11\/nobiwerk-windows-touch-icon-310.png\" \/>\n\t<meta property=\"og:image:width\" content=\"310\" \/>\n\t<meta property=\"og:image:height\" content=\"310\" \/>\n\t<meta property=\"og:image:type\" content=\"image\/png\" \/>\n<meta name=\"twitter:card\" content=\"summary_large_image\" \/>\n<meta name=\"twitter:label1\" content=\"Gesch\u00e4tzte Lesezeit\" \/>\n\t<meta name=\"twitter:data1\" content=\"3\u00a0Minuten\" \/>\n<script type=\"application\/ld+json\" class=\"yoast-schema-graph\">{\"@context\":\"https:\/\/schema.org\",\"@graph\":[{\"@type\":\"WebPage\",\"@id\":\"https:\/\/nobiwerk.com\/kita-kindergarten\/kita-anmeldung-warteliste\",\"url\":\"https:\/\/nobiwerk.com\/kita-kindergarten\/kita-anmeldung-warteliste\",\"name\":\"Kita Anmeldung \/ Warteliste - Svenske, Danske og Norske barnehager i Berlin\",\"isPartOf\":{\"@id\":\"https:\/\/nobiwerk.com\/#website\"},\"datePublished\":\"2021-07-31T12:39:50+00:00\",\"dateModified\":\"2022-11-03T08:31:22+00:00\",\"breadcrumb\":{\"@id\":\"https:\/\/nobiwerk.com\/kita-kindergarten\/kita-anmeldung-warteliste#breadcrumb\"},\"inLanguage\":\"de\",\"potentialAction\":[{\"@type\":\"ReadAction\",\"target\":[\"https:\/\/nobiwerk.com\/kita-kindergarten\/kita-anmeldung-warteliste\"]}]},{\"@type\":\"BreadcrumbList\",\"@id\":\"https:\/\/nobiwerk.com\/kita-kindergarten\/kita-anmeldung-warteliste#breadcrumb\",\"itemListElement\":[{\"@type\":\"ListItem\",\"position\":1,\"name\":\"Startseite\",\"item\":\"https:\/\/nobiwerk.com\/\"},{\"@type\":\"ListItem\",\"position\":2,\"name\":\"KITA\",\"item\":\"https:\/\/nobiwerk.com\/kita-kindergarten\"},{\"@type\":\"ListItem\",\"position\":3,\"name\":\"Kita Anmeldung \/ Warteliste\"}]},{\"@type\":\"WebSite\",\"@id\":\"https:\/\/nobiwerk.com\/#website\",\"url\":\"https:\/\/nobiwerk.com\/\",\"name\":\"nobiwerk\",\"description\":\"Svenske, Danske og Norske barnehager i Berlin\",\"publisher\":{\"@id\":\"https:\/\/nobiwerk.com\/#organization\"},\"potentialAction\":[{\"@type\":\"SearchAction\",\"target\":{\"@type\":\"EntryPoint\",\"urlTemplate\":\"https:\/\/nobiwerk.com\/?s={search_term_string}\"},\"query-input\":\"required name=search_term_string\"}],\"inLanguage\":\"de\"},{\"@type\":\"Organization\",\"@id\":\"https:\/\/nobiwerk.com\/#organization\",\"name\":\"nobiwerk\",\"url\":\"https:\/\/nobiwerk.com\/\",\"logo\":{\"@type\":\"ImageObject\",\"inLanguage\":\"de\",\"@id\":\"https:\/\/nobiwerk.com\/#\/schema\/logo\/image\/\",\"url\":\"https:\/\/nobiwerk.com\/wp-content\/uploads\/2019\/11\/nobiwerk-windows-touch-icon-310.png\",\"contentUrl\":\"https:\/\/nobiwerk.com\/wp-content\/uploads\/2019\/11\/nobiwerk-windows-touch-icon-310.png\",\"width\":310,\"height\":310,\"caption\":\"nobiwerk\"},\"image\":{\"@id\":\"https:\/\/nobiwerk.com\/#\/schema\/logo\/image\/\"},\"sameAs\":[\"https:\/\/www.facebook.com\/nobiwerk\"]}]}<\/script>\n<!-- \/ Yoast SEO plugin. -->","yoast_head_json":{"title":"Kita Anmeldung \/ Warteliste - Svenske, Danske og Norske barnehager i Berlin","robots":{"index":"index","follow":"follow","max-snippet":"max-snippet:-1","max-image-preview":"max-image-preview:large","max-video-preview":"max-video-preview:-1"},"canonical":"https:\/\/nobiwerk.com\/de\/kita-kindergarten\/kita-anmeldung-warteliste\/","og_locale":"de_DE","og_type":"article","og_title":"Kita Anmeldung \/ Warteliste - Svenske, Danske og Norske barnehager i Berlin","og_url":"https:\/\/nobiwerk.com\/de\/kita-kindergarten\/kita-anmeldung-warteliste\/","og_site_name":"nobiwerk","article_publisher":"https:\/\/www.facebook.com\/nobiwerk","article_modified_time":"2022-11-03T08:31:22+00:00","og_image":[{"width":310,"height":310,"url":"https:\/\/nobiwerk.com\/wp-content\/uploads\/2019\/11\/nobiwerk-windows-touch-icon-310.png","type":"image\/png"}],"twitter_card":"summary_large_image","twitter_misc":{"Gesch\u00e4tzte Lesezeit":"3\u00a0Minuten"},"schema":{"@context":"https:\/\/schema.org","@graph":[{"@type":"WebPage","@id":"https:\/\/nobiwerk.com\/kita-kindergarten\/kita-anmeldung-warteliste","url":"https:\/\/nobiwerk.com\/kita-kindergarten\/kita-anmeldung-warteliste","name":"Kita Anmeldung \/ Warteliste - Svenske, Danske og Norske barnehager i Berlin","isPartOf":{"@id":"https:\/\/nobiwerk.com\/#website"},"datePublished":"2021-07-31T12:39:50+00:00","dateModified":"2022-11-03T08:31:22+00:00","breadcrumb":{"@id":"https:\/\/nobiwerk.com\/kita-kindergarten\/kita-anmeldung-warteliste#breadcrumb"},"inLanguage":"de","potentialAction":[{"@type":"ReadAction","target":["https:\/\/nobiwerk.com\/kita-kindergarten\/kita-anmeldung-warteliste"]}]},{"@type":"BreadcrumbList","@id":"https:\/\/nobiwerk.com\/kita-kindergarten\/kita-anmeldung-warteliste#breadcrumb","itemListElement":[{"@type":"ListItem","position":1,"name":"Startseite","item":"https:\/\/nobiwerk.com\/"},{"@type":"ListItem","position":2,"name":"KITA","item":"https:\/\/nobiwerk.com\/kita-kindergarten"},{"@type":"ListItem","position":3,"name":"Kita Anmeldung \/ Warteliste"}]},{"@type":"WebSite","@id":"https:\/\/nobiwerk.com\/#website","url":"https:\/\/nobiwerk.com\/","name":"nobiwerk","description":"Svenske, Danske og Norske barnehager i Berlin","publisher":{"@id":"https:\/\/nobiwerk.com\/#organization"},"potentialAction":[{"@type":"SearchAction","target":{"@type":"EntryPoint","urlTemplate":"https:\/\/nobiwerk.com\/?s={search_term_string}"},"query-input":"required name=search_term_string"}],"inLanguage":"de"},{"@type":"Organization","@id":"https:\/\/nobiwerk.com\/#organization","name":"nobiwerk","url":"https:\/\/nobiwerk.com\/","logo":{"@type":"ImageObject","inLanguage":"de","@id":"https:\/\/nobiwerk.com\/#\/schema\/logo\/image\/","url":"https:\/\/nobiwerk.com\/wp-content\/uploads\/2019\/11\/nobiwerk-windows-touch-icon-310.png","contentUrl":"https:\/\/nobiwerk.com\/wp-content\/uploads\/2019\/11\/nobiwerk-windows-touch-icon-310.png","width":310,"height":310,"caption":"nobiwerk"},"image":{"@id":"https:\/\/nobiwerk.com\/#\/schema\/logo\/image\/"},"sameAs":["https:\/\/www.facebook.com\/nobiwerk"]}]}},"_links":{"self":[{"href":"https:\/\/nobiwerk.com\/de\/wp-json\/wp\/v2\/pages\/1404"}],"collection":[{"href":"https:\/\/nobiwerk.com\/de\/wp-json\/wp\/v2\/pages"}],"about":[{"href":"https:\/\/nobiwerk.com\/de\/wp-json\/wp\/v2\/types\/page"}],"author":[{"embeddable":true,"href":"https:\/\/nobiwerk.com\/de\/wp-json\/wp\/v2\/users\/1"}],"replies":[{"embeddable":true,"href":"https:\/\/nobiwerk.com\/de\/wp-json\/wp\/v2\/comments?post=1404"}],"version-history":[{"count":22,"href":"https:\/\/nobiwerk.com\/de\/wp-json\/wp\/v2\/pages\/1404\/revisions"}],"predecessor-version":[{"id":1722,"href":"https:\/\/nobiwerk.com\/de\/wp-json\/wp\/v2\/pages\/1404\/revisions\/1722"}],"up":[{"embeddable":true,"href":"https:\/\/nobiwerk.com\/de\/wp-json\/wp\/v2\/pages\/118"}],"wp:attachment":[{"href":"https:\/\/nobiwerk.com\/de\/wp-json\/wp\/v2\/media?parent=1404"}],"curies":[{"name":"wp","href":"https:\/\/api.w.org\/{rel}","templated":true}]}}