{"id":1998,"date":"2024-10-09T09:14:16","date_gmt":"2024-10-09T09:14:16","guid":{"rendered":"https:\/\/nobiwerk.com\/?page_id=1998"},"modified":"2024-12-04T14:44:08","modified_gmt":"2024-12-04T14:44:08","slug":"kita-mucklabo","status":"publish","type":"page","link":"https:\/\/nobiwerk.com\/de\/kita-kindergarten\/kita-mucklabo","title":{"rendered":"Kita Mucklabo"},"content":{"rendered":"<div class=\"vc_row wpb_row vc_row-fluid vc_custom_1571948252877 vc_column-gap-20 vc_row-o-equal-height vc_row-o-content-top vc_row-flex\"><div class=\"wpb_column vc_column_container vc_col-sm-4\"><div class=\"vc_column-inner vc_custom_1562869783638\"><div class=\"wpb_wrapper\"><\/div><\/div><\/div><div class=\"wpb_column vc_column_container vc_col-sm-8\"><div class=\"vc_column-inner\"><div class=\"wpb_wrapper\"><h2 style=\"color: #97c9c9;text-align: right\" class=\"vc_custom_heading kitaslogan vc_custom_1728470368263\" >Mucklabo \u2013 skandinavisch-deutsche Kita im Herzen von Neuk\u00f6lln.<\/h2><\/div><\/div><\/div><\/div><div class=\"vc_row wpb_row vc_row-fluid vc_custom_1571939336956 vc_column-gap-20 vc_row-o-equal-height vc_row-o-content-top vc_row-flex\"><div class=\"wpb_column vc_column_container vc_col-sm-8\"><div class=\"vc_column-inner vc_custom_1571939406673\"><div class=\"wpb_wrapper\">\n\t<div class=\"wpb_text_column wpb_content_element  vc_custom_1692875425799 kita\" >\n\t\t<div class=\"wpb_wrapper\">\n\t\t\t<h1><span class=\"ui-provider ed vc me vd ve vf vg vh vi vj vk vl vm vn vo vp vq vr vs vt vu vv vw vx vy vz wa wb wc wd we wf wg wh wi\" dir=\"ltr\">Kita Mucklabo,<\/span><\/h1>\n<p><span class=\"ui-provider ed vc me vd ve vf vg vh vi vj vk vl vm vn vo vp vq vr vs vt vu vv vw vx vy vz wa wb wc wd we wf wg wh wi\" dir=\"ltr\">ist die Schwester-Kita von Kita Lillebror. Die R\u00e4ume liegen im Herzen von Neuk\u00f6lln und es ist ein Ort f\u00fcr 25 skandinavisch-sprachige Familien in Berlin.<br \/>\nIhr findet uns Mucklas in der Wederstr. 87-89, 12347 Berlin und wenn wir nicht drin sind, dann sind wir vielleicht im gem\u00fctlichen Garten im Hof!<\/span><\/p>\n<p>Nach der K\u00fcndigung der alten R\u00e4ume sind hier unsere schwedische Gruppe und unsere Sprachen-gemischte Nestgruppe zu Hause. Der Leitspruch unseres Tr\u00e4gers \u201eBeziehung statt Erziehung\u201c geht Hand in Hand mit unseren p\u00e4dagogischen Grundwerten. Unser Ziel ist es, den Kindern Geborgenheit, Kompetenzen und Freude zu vermitteln, ob in der Kita, in der Stadt oder im Wald.<br \/>\nSprecht ihr zu Hause eine skandinavische Sprache?\u00a0 Legt ihr viel Wert auf die Natur und drau\u00dfen sein? M\u00f6chtet ihr mit uns und den Kindern gemeinsam wachsen? Dann meldet euch gerne bei uns an! Linda Grossmann<\/p>\n\n\t\t<\/div>\n\t<\/div>\n<\/div><\/div><\/div><div class=\"wpb_column vc_column_container vc_col-sm-4 vc_col-has-fill\"><div class=\"vc_column-inner vc_custom_1572000372333\"><div class=\"wpb_wrapper\">\n\t<div class=\"wpb_text_column wpb_content_element\" >\n\t\t<div class=\"wpb_wrapper\">\n\t\t\t<h4>Kontakt<\/h4>\n<p>Linda Grossmann<br \/>\n<span style=\"color: #93bab5;\">P\u00e4dagogische Leitung<\/span><\/p>\n<p>Wederstra\u00dfe 87-89<br \/>\n12347 Berlin<\/p>\n<p>+49 (0)30 6287 1248<\/p>\n<p>linda.g@kita-mucklabo.de<\/p>\n\n\t\t<\/div>\n\t<\/div>\n<div class=\"vc_btn3-container vc_btn3-inline\" ><a class=\"vc_general vc_btn3 vc_btn3-size-md vc_btn3-shape-square vc_btn3-style-3d vc_btn3-color-sandy-brown\" href=\"https:\/\/nobiwerk.com\/de\/kita-kindergarten\/kita-anmeldung-warteliste\/\" title=\"Kita Anmeldung \/ Warteliste\" target=\"_blank\">Anmeldung<\/a><\/div><div class=\"vc_btn3-container vc_btn3-inline vc_custom_1653391037242\" ><a class=\"vc_general vc_btn3 vc_btn3-size-md vc_btn3-shape-square vc_btn3-style-3d vc_btn3-color-sandy-brown\" href=\"https:\/\/nobiwerk.com\/wp-content\/uploads\/2022\/05\/2019-TL-Pa\u0308dagogisches-Konzept-GESCHU\u0308TZT.pdf\" title=\"Kita Tommelise - P\u00e4dagogisches Konzept\" target=\"_blank\">Konzept Download<\/a><\/div><\/div><\/div><\/div><\/div><div class=\"vc_row wpb_row vc_row-fluid vc_custom_1728909739041 vc_column-gap-35 vc_row-o-equal-height vc_row-flex\"><div class=\"wpb_column vc_column_container vc_col-sm-6 vc_col-has-fill\"><div class=\"vc_column-inner vc_custom_1572000399307\"><div class=\"wpb_wrapper\">\n\t<div class=\"wpb_text_column wpb_content_element  boxtitle\" >\n\t\t<div class=\"wpb_wrapper\">\n\t\t\t<h2>Kita Lillebror<\/h2>\n<p>Die Kita Lillebror (schwedisch: kleiner Bruder) befindet sich in Mariendorf im gleichen Haus wie Deutsch-Skandinavische Gemeinschaftsschule. Eine viersprachige Kita mit Platz f\u00fcr 58 Kinder.<\/p>\n\n\t\t<\/div>\n\t<\/div>\n<div class=\"vc_btn3-container vc_btn3-inline\" ><a class=\"vc_general vc_btn3 vc_btn3-size-md vc_btn3-shape-square vc_btn3-style-3d vc_btn3-color-sandy-brown\" href=\"https:\/\/nobiwerk.com\/de\/kita-kindergarten\/kita-lillebror\/\" title=\"\">mehr lesen<\/a><\/div><\/div><\/div><\/div><div class=\"wpb_column vc_column_container vc_col-sm-6 vc_col-has-fill\"><div class=\"vc_column-inner vc_custom_1572000385603\"><div class=\"wpb_wrapper\">\n\t<div class=\"wpb_text_column wpb_content_element  boxtitle\" >\n\t\t<div class=\"wpb_wrapper\">\n\t\t\t<h2>Kita Hucky Bucky<\/h2>\n<p>Die Kita Hucky Bucky (M\u00e4rchen aus Norwegen, \u201eHakke Bakke Skogen\u201c) in Lichtenberg ist eine bilinguale Kita f\u00fcr 25 Kinder mit den Sprachen Deutsch und Englsich.<\/p>\n\n\t\t<\/div>\n\t<\/div>\n<div class=\"vc_btn3-container vc_btn3-inline\" ><a class=\"vc_general vc_btn3 vc_btn3-size-md vc_btn3-shape-square vc_btn3-style-3d vc_btn3-color-sandy-brown\" href=\"https:\/\/nobiwerk.com\/de\/kita-kindergarten\/kita-hucky-bucky\/\" title=\"\">mehr lesen<\/a><\/div><\/div><\/div><\/div><\/div><div class=\"vc_row wpb_row vc_row-fluid vc_custom_1728909657094 vc_column-gap-35 vc_row-o-equal-height vc_row-flex\"><div class=\"wpb_column vc_column_container vc_col-sm-6 vc_col-has-fill\"><div class=\"vc_column-inner vc_custom_1572000399307\"><div class=\"wpb_wrapper\">\n\t<div class=\"wpb_text_column wpb_content_element  boxtitle\" >\n\t\t<div class=\"wpb_wrapper\">\n\t\t\t<h2>Kita Tommelise<\/h2>\n<p>Die trilinguale (Deutsch, Englisch, D\u00e4nisch) Kita Tommlise (D\u00e4umelinchen) nimmt 70 Kinder auf und befindet sich im Neubaugebiet \u201eNeumarien\u201c in Neuk\u00f6lln.<\/p>\n\n\t\t<\/div>\n\t<\/div>\n<div class=\"vc_btn3-container vc_btn3-inline\" ><a class=\"vc_general vc_btn3 vc_btn3-size-md vc_btn3-shape-square vc_btn3-style-3d vc_btn3-color-sandy-brown\" href=\"https:\/\/nobiwerk.com\/de\/kita-kindergarten\/kita-tommelise\/\" title=\"\">mehr lesen<\/a><\/div><\/div><\/div><\/div><\/div><div class=\"vc_row wpb_row vc_row-fluid\"><div class=\"wpb_column vc_column_container vc_col-sm-12\"><div class=\"vc_column-inner\"><div class=\"wpb_wrapper\">\n\t<div class=\"wpb_text_column wpb_content_element\" >\n\t\t<div class=\"wpb_wrapper\">\n\t\t\t\n\t\t<\/div>\n\t<\/div>\n<\/div><\/div><\/div><\/div>","protected":false},"excerpt":{"rendered":"Mucklabo \u2013 skandinavisch-deutsche Kita im Herzen von Neuk\u00f6lln. Kita Mucklabo, ist die Schwester-Kita von Kita Lillebror. Die R\u00e4ume liegen im Herzen von Neuk\u00f6lln und es ist<span class=\"excerpt-hellip\"> [\u2026]<\/span>","protected":false},"author":2,"featured_media":0,"parent":118,"menu_order":0,"comment_status":"closed","ping_status":"closed","template":"","meta":{"footnotes":""},"yoast_head":"<!-- This site is optimized with the Yoast SEO plugin v22.0 - https:\/\/yoast.com\/wordpress\/plugins\/seo\/ -->\n<title>Kita Mucklabo - Svenske, Danske og Norske barnehager i Berlin<\/title>\n<meta name=\"robots\" content=\"index, follow, max-snippet:-1, max-image-preview:large, max-video-preview:-1\" \/>\n<link rel=\"canonical\" href=\"https:\/\/nobiwerk.com\/de\/kita-kindergarten\/kita-mucklabo\/\" \/>\n<meta property=\"og:locale\" content=\"de_DE\" \/>\n<meta property=\"og:type\" content=\"article\" \/>\n<meta property=\"og:title\" content=\"Kita Mucklabo - Svenske, Danske og Norske barnehager i Berlin\" \/>\n<meta property=\"og:url\" content=\"https:\/\/nobiwerk.com\/de\/kita-kindergarten\/kita-mucklabo\/\" \/>\n<meta property=\"og:site_name\" content=\"nobiwerk\" \/>\n<meta property=\"article:publisher\" content=\"https:\/\/www.facebook.com\/nobiwerk\" \/>\n<meta property=\"article:modified_time\" content=\"2024-12-04T14:44:08+00:00\" \/>\n<meta property=\"og:image\" content=\"https:\/\/nobiwerk.com\/wp-content\/uploads\/2019\/11\/nobiwerk-windows-touch-icon-310.png\" \/>\n\t<meta property=\"og:image:width\" content=\"310\" \/>\n\t<meta property=\"og:image:height\" content=\"310\" \/>\n\t<meta property=\"og:image:type\" content=\"image\/png\" \/>\n<meta name=\"twitter:card\" content=\"summary_large_image\" \/>\n<meta name=\"twitter:label1\" content=\"Gesch\u00e4tzte Lesezeit\" \/>\n\t<meta name=\"twitter:data1\" content=\"2\u00a0Minuten\" \/>\n<script type=\"application\/ld+json\" class=\"yoast-schema-graph\">{\"@context\":\"https:\/\/schema.org\",\"@graph\":[{\"@type\":\"WebPage\",\"@id\":\"https:\/\/nobiwerk.com\/kita-kindergarten\/kita-mucklabo\",\"url\":\"https:\/\/nobiwerk.com\/kita-kindergarten\/kita-mucklabo\",\"name\":\"Kita Mucklabo - Svenske, Danske og Norske barnehager i Berlin\",\"isPartOf\":{\"@id\":\"https:\/\/nobiwerk.com\/#website\"},\"datePublished\":\"2024-10-09T09:14:16+00:00\",\"dateModified\":\"2024-12-04T14:44:08+00:00\",\"breadcrumb\":{\"@id\":\"https:\/\/nobiwerk.com\/kita-kindergarten\/kita-mucklabo#breadcrumb\"},\"inLanguage\":\"de\",\"potentialAction\":[{\"@type\":\"ReadAction\",\"target\":[\"https:\/\/nobiwerk.com\/kita-kindergarten\/kita-mucklabo\"]}]},{\"@type\":\"BreadcrumbList\",\"@id\":\"https:\/\/nobiwerk.com\/kita-kindergarten\/kita-mucklabo#breadcrumb\",\"itemListElement\":[{\"@type\":\"ListItem\",\"position\":1,\"name\":\"Startseite\",\"item\":\"https:\/\/nobiwerk.com\/\"},{\"@type\":\"ListItem\",\"position\":2,\"name\":\"KITA\",\"item\":\"https:\/\/nobiwerk.com\/kita-kindergarten\"},{\"@type\":\"ListItem\",\"position\":3,\"name\":\"Kita Mucklabo\"}]},{\"@type\":\"WebSite\",\"@id\":\"https:\/\/nobiwerk.com\/#website\",\"url\":\"https:\/\/nobiwerk.com\/\",\"name\":\"nobiwerk\",\"description\":\"Svenske, Danske og Norske barnehager i Berlin\",\"publisher\":{\"@id\":\"https:\/\/nobiwerk.com\/#organization\"},\"potentialAction\":[{\"@type\":\"SearchAction\",\"target\":{\"@type\":\"EntryPoint\",\"urlTemplate\":\"https:\/\/nobiwerk.com\/?s={search_term_string}\"},\"query-input\":\"required name=search_term_string\"}],\"inLanguage\":\"de\"},{\"@type\":\"Organization\",\"@id\":\"https:\/\/nobiwerk.com\/#organization\",\"name\":\"nobiwerk\",\"url\":\"https:\/\/nobiwerk.com\/\",\"logo\":{\"@type\":\"ImageObject\",\"inLanguage\":\"de\",\"@id\":\"https:\/\/nobiwerk.com\/#\/schema\/logo\/image\/\",\"url\":\"https:\/\/nobiwerk.com\/wp-content\/uploads\/2019\/11\/nobiwerk-windows-touch-icon-310.png\",\"contentUrl\":\"https:\/\/nobiwerk.com\/wp-content\/uploads\/2019\/11\/nobiwerk-windows-touch-icon-310.png\",\"width\":310,\"height\":310,\"caption\":\"nobiwerk\"},\"image\":{\"@id\":\"https:\/\/nobiwerk.com\/#\/schema\/logo\/image\/\"},\"sameAs\":[\"https:\/\/www.facebook.com\/nobiwerk\"]}]}<\/script>\n<!-- \/ Yoast SEO plugin. -->","yoast_head_json":{"title":"Kita Mucklabo - Svenske, Danske og Norske barnehager i Berlin","robots":{"index":"index","follow":"follow","max-snippet":"max-snippet:-1","max-image-preview":"max-image-preview:large","max-video-preview":"max-video-preview:-1"},"canonical":"https:\/\/nobiwerk.com\/de\/kita-kindergarten\/kita-mucklabo\/","og_locale":"de_DE","og_type":"article","og_title":"Kita Mucklabo - Svenske, Danske og Norske barnehager i Berlin","og_url":"https:\/\/nobiwerk.com\/de\/kita-kindergarten\/kita-mucklabo\/","og_site_name":"nobiwerk","article_publisher":"https:\/\/www.facebook.com\/nobiwerk","article_modified_time":"2024-12-04T14:44:08+00:00","og_image":[{"width":310,"height":310,"url":"https:\/\/nobiwerk.com\/wp-content\/uploads\/2019\/11\/nobiwerk-windows-touch-icon-310.png","type":"image\/png"}],"twitter_card":"summary_large_image","twitter_misc":{"Gesch\u00e4tzte Lesezeit":"2\u00a0Minuten"},"schema":{"@context":"https:\/\/schema.org","@graph":[{"@type":"WebPage","@id":"https:\/\/nobiwerk.com\/kita-kindergarten\/kita-mucklabo","url":"https:\/\/nobiwerk.com\/kita-kindergarten\/kita-mucklabo","name":"Kita Mucklabo - Svenske, Danske og Norske barnehager i Berlin","isPartOf":{"@id":"https:\/\/nobiwerk.com\/#website"},"datePublished":"2024-10-09T09:14:16+00:00","dateModified":"2024-12-04T14:44:08+00:00","breadcrumb":{"@id":"https:\/\/nobiwerk.com\/kita-kindergarten\/kita-mucklabo#breadcrumb"},"inLanguage":"de","potentialAction":[{"@type":"ReadAction","target":["https:\/\/nobiwerk.com\/kita-kindergarten\/kita-mucklabo"]}]},{"@type":"BreadcrumbList","@id":"https:\/\/nobiwerk.com\/kita-kindergarten\/kita-mucklabo#breadcrumb","itemListElement":[{"@type":"ListItem","position":1,"name":"Startseite","item":"https:\/\/nobiwerk.com\/"},{"@type":"ListItem","position":2,"name":"KITA","item":"https:\/\/nobiwerk.com\/kita-kindergarten"},{"@type":"ListItem","position":3,"name":"Kita Mucklabo"}]},{"@type":"WebSite","@id":"https:\/\/nobiwerk.com\/#website","url":"https:\/\/nobiwerk.com\/","name":"nobiwerk","description":"Svenske, Danske og Norske barnehager i Berlin","publisher":{"@id":"https:\/\/nobiwerk.com\/#organization"},"potentialAction":[{"@type":"SearchAction","target":{"@type":"EntryPoint","urlTemplate":"https:\/\/nobiwerk.com\/?s={search_term_string}"},"query-input":"required name=search_term_string"}],"inLanguage":"de"},{"@type":"Organization","@id":"https:\/\/nobiwerk.com\/#organization","name":"nobiwerk","url":"https:\/\/nobiwerk.com\/","logo":{"@type":"ImageObject","inLanguage":"de","@id":"https:\/\/nobiwerk.com\/#\/schema\/logo\/image\/","url":"https:\/\/nobiwerk.com\/wp-content\/uploads\/2019\/11\/nobiwerk-windows-touch-icon-310.png","contentUrl":"https:\/\/nobiwerk.com\/wp-content\/uploads\/2019\/11\/nobiwerk-windows-touch-icon-310.png","width":310,"height":310,"caption":"nobiwerk"},"image":{"@id":"https:\/\/nobiwerk.com\/#\/schema\/logo\/image\/"},"sameAs":["https:\/\/www.facebook.com\/nobiwerk"]}]}},"_links":{"self":[{"href":"https:\/\/nobiwerk.com\/de\/wp-json\/wp\/v2\/pages\/1998"}],"collection":[{"href":"https:\/\/nobiwerk.com\/de\/wp-json\/wp\/v2\/pages"}],"about":[{"href":"https:\/\/nobiwerk.com\/de\/wp-json\/wp\/v2\/types\/page"}],"author":[{"embeddable":true,"href":"https:\/\/nobiwerk.com\/de\/wp-json\/wp\/v2\/users\/2"}],"replies":[{"embeddable":true,"href":"https:\/\/nobiwerk.com\/de\/wp-json\/wp\/v2\/comments?post=1998"}],"version-history":[{"count":16,"href":"https:\/\/nobiwerk.com\/de\/wp-json\/wp\/v2\/pages\/1998\/revisions"}],"predecessor-version":[{"id":2049,"href":"https:\/\/nobiwerk.com\/de\/wp-json\/wp\/v2\/pages\/1998\/revisions\/2049"}],"up":[{"embeddable":true,"href":"https:\/\/nobiwerk.com\/de\/wp-json\/wp\/v2\/pages\/118"}],"wp:attachment":[{"href":"https:\/\/nobiwerk.com\/de\/wp-json\/wp\/v2\/media?parent=1998"}],"curies":[{"name":"wp","href":"https:\/\/api.w.org\/{rel}","templated":true}]}}