{"id":24,"date":"2019-07-11T13:36:37","date_gmt":"2019-07-11T13:36:37","guid":{"rendered":"http:\/\/nobiwerk.com\/?page_id=24"},"modified":"2022-03-04T11:04:56","modified_gmt":"2022-03-04T11:04:56","slug":"kooperationen","status":"publish","type":"page","link":"https:\/\/nobiwerk.com\/de\/kooperationen","title":{"rendered":"KOOPERATION"},"content":{"rendered":"<div class=\"vc_row wpb_row vc_row-fluid vc_custom_1563058910425 vc_column-gap-20 vc_row-o-equal-height vc_row-o-content-top vc_row-flex\"><div class=\"wpb_column vc_column_container vc_col-sm-12\"><div class=\"vc_column-inner\"><div class=\"wpb_wrapper\"><h2 style=\"font-size: 43px;color: #77adab;line-height: 1.2;text-align: center\" class=\"vc_custom_heading vc_custom_1646391291833\" >Wir freuen uns \u00fcber diese Kooporationen.<\/h2><div class=\"vc_separator wpb_content_element vc_separator_align_center vc_sep_width_30 vc_sep_border_width_8 vc_sep_pos_align_right vc_separator_no_text vc_custom_1562870098058  vc_custom_1562870098058\" ><span class=\"vc_sep_holder vc_sep_holder_l\"><span  style=\"border-color:#8dc6c2;\" class=\"vc_sep_line\"><\/span><\/span><span class=\"vc_sep_holder vc_sep_holder_r\"><span  style=\"border-color:#8dc6c2;\" class=\"vc_sep_line\"><\/span><\/span>\n<\/div><\/div><\/div><\/div><\/div><div class=\"vc_row wpb_row vc_row-fluid\"><div class=\"wpb_column vc_column_container vc_col-sm-6\"><div class=\"vc_column-inner\"><div class=\"wpb_wrapper\">\n\t<div class=\"wpb_text_column wpb_content_element\" >\n\t\t<div class=\"wpb_wrapper\">\n\t\t\t<h2><strong>S\u00f8nderlykken. <\/strong><\/h2>\n<p>S\u00f8nderlykken (S\u00f6nderlykken) ist eun unternehmen in D\u00e4nemark&#8230;.<\/p>\n<p>&nbsp;<\/p>\n<p>Und mehr kommt hier.<\/p>\n\n\t\t<\/div>\n\t<\/div>\n<\/div><\/div><\/div><div class=\"wpb_column vc_column_container vc_col-sm-6\"><div class=\"vc_column-inner\"><div class=\"wpb_wrapper\">\n\t<div  class=\"wpb_single_image wpb_content_element vc_align_right\">\n\t\t\n\t\t<figure class=\"wpb_wrapper vc_figure\">\n\t\t\t<div class=\"vc_single_image-wrapper vc_box_rounded  vc_box_border_grey\"><img width=\"1024\" height=\"490\" src=\"https:\/\/nobiwerk.com\/wp-content\/uploads\/2022\/03\/image001-1024x490.png\" class=\"vc_single_image-img attachment-large\" alt=\"Soenderlykken\" decoding=\"async\" title=\"Soenderlykken\" loading=\"lazy\" srcset=\"https:\/\/nobiwerk.com\/wp-content\/uploads\/2022\/03\/image001-1024x490.png 1024w, https:\/\/nobiwerk.com\/wp-content\/uploads\/2022\/03\/image001-300x143.png 300w, https:\/\/nobiwerk.com\/wp-content\/uploads\/2022\/03\/image001-768x367.png 768w, https:\/\/nobiwerk.com\/wp-content\/uploads\/2022\/03\/image001-1536x735.png 1536w, https:\/\/nobiwerk.com\/wp-content\/uploads\/2022\/03\/image001-260x124.png 260w, https:\/\/nobiwerk.com\/wp-content\/uploads\/2022\/03\/image001-50x24.png 50w, https:\/\/nobiwerk.com\/wp-content\/uploads\/2022\/03\/image001-150x72.png 150w, https:\/\/nobiwerk.com\/wp-content\/uploads\/2022\/03\/image001.png 1656w\" sizes=\"(max-width: 1024px) 100vw, 1024px\" \/><\/div>\n\t\t<\/figure>\n\t<\/div>\n<\/div><\/div><\/div><\/div>","protected":false},"excerpt":{"rendered":"Wir freuen uns \u00fcber diese Kooporationen. S\u00f8nderlykken. S\u00f8nderlykken (S\u00f6nderlykken) ist eun unternehmen in D\u00e4nemark.... &nbsp; Und mehr kommt hier.","protected":false},"author":1,"featured_media":0,"parent":0,"menu_order":0,"comment_status":"closed","ping_status":"closed","template":"","meta":{"footnotes":""},"yoast_head":"<!-- This site is optimized with the Yoast SEO plugin v22.0 - https:\/\/yoast.com\/wordpress\/plugins\/seo\/ -->\n<title>KOOPERATION - Svenske, Danske og Norske barnehager i Berlin<\/title>\n<meta name=\"robots\" content=\"index, follow, max-snippet:-1, max-image-preview:large, max-video-preview:-1\" \/>\n<link rel=\"canonical\" href=\"https:\/\/nobiwerk.com\/de\/kooperationen\/\" \/>\n<meta property=\"og:locale\" content=\"de_DE\" \/>\n<meta property=\"og:type\" content=\"article\" \/>\n<meta property=\"og:title\" content=\"KOOPERATION - Svenske, Danske og Norske barnehager i Berlin\" \/>\n<meta property=\"og:url\" content=\"https:\/\/nobiwerk.com\/de\/kooperationen\/\" \/>\n<meta property=\"og:site_name\" content=\"nobiwerk\" \/>\n<meta property=\"article:publisher\" content=\"https:\/\/www.facebook.com\/nobiwerk\" \/>\n<meta property=\"article:modified_time\" content=\"2022-03-04T11:04:56+00:00\" \/>\n<meta property=\"og:image\" content=\"https:\/\/nobiwerk.com\/wp-content\/uploads\/2019\/11\/nobiwerk-windows-touch-icon-310.png\" \/>\n\t<meta property=\"og:image:width\" content=\"310\" \/>\n\t<meta property=\"og:image:height\" content=\"310\" \/>\n\t<meta property=\"og:image:type\" content=\"image\/png\" \/>\n<meta name=\"twitter:card\" content=\"summary_large_image\" \/>\n<meta name=\"twitter:label1\" content=\"Gesch\u00e4tzte Lesezeit\" \/>\n\t<meta name=\"twitter:data1\" content=\"1\u00a0Minute\" \/>\n<script type=\"application\/ld+json\" class=\"yoast-schema-graph\">{\"@context\":\"https:\/\/schema.org\",\"@graph\":[{\"@type\":\"WebPage\",\"@id\":\"https:\/\/nobiwerk.com\/kooperationen\",\"url\":\"https:\/\/nobiwerk.com\/kooperationen\",\"name\":\"KOOPERATION - Svenske, Danske og Norske barnehager i Berlin\",\"isPartOf\":{\"@id\":\"https:\/\/nobiwerk.com\/#website\"},\"datePublished\":\"2019-07-11T13:36:37+00:00\",\"dateModified\":\"2022-03-04T11:04:56+00:00\",\"breadcrumb\":{\"@id\":\"https:\/\/nobiwerk.com\/kooperationen#breadcrumb\"},\"inLanguage\":\"de\",\"potentialAction\":[{\"@type\":\"ReadAction\",\"target\":[\"https:\/\/nobiwerk.com\/kooperationen\"]}]},{\"@type\":\"BreadcrumbList\",\"@id\":\"https:\/\/nobiwerk.com\/kooperationen#breadcrumb\",\"itemListElement\":[{\"@type\":\"ListItem\",\"position\":1,\"name\":\"Startseite\",\"item\":\"https:\/\/nobiwerk.com\/\"},{\"@type\":\"ListItem\",\"position\":2,\"name\":\"KOOPERATION\"}]},{\"@type\":\"WebSite\",\"@id\":\"https:\/\/nobiwerk.com\/#website\",\"url\":\"https:\/\/nobiwerk.com\/\",\"name\":\"nobiwerk\",\"description\":\"Svenske, Danske og Norske barnehager i Berlin\",\"publisher\":{\"@id\":\"https:\/\/nobiwerk.com\/#organization\"},\"potentialAction\":[{\"@type\":\"SearchAction\",\"target\":{\"@type\":\"EntryPoint\",\"urlTemplate\":\"https:\/\/nobiwerk.com\/?s={search_term_string}\"},\"query-input\":\"required name=search_term_string\"}],\"inLanguage\":\"de\"},{\"@type\":\"Organization\",\"@id\":\"https:\/\/nobiwerk.com\/#organization\",\"name\":\"nobiwerk\",\"url\":\"https:\/\/nobiwerk.com\/\",\"logo\":{\"@type\":\"ImageObject\",\"inLanguage\":\"de\",\"@id\":\"https:\/\/nobiwerk.com\/#\/schema\/logo\/image\/\",\"url\":\"https:\/\/nobiwerk.com\/wp-content\/uploads\/2019\/11\/nobiwerk-windows-touch-icon-310.png\",\"contentUrl\":\"https:\/\/nobiwerk.com\/wp-content\/uploads\/2019\/11\/nobiwerk-windows-touch-icon-310.png\",\"width\":310,\"height\":310,\"caption\":\"nobiwerk\"},\"image\":{\"@id\":\"https:\/\/nobiwerk.com\/#\/schema\/logo\/image\/\"},\"sameAs\":[\"https:\/\/www.facebook.com\/nobiwerk\"]}]}<\/script>\n<!-- \/ Yoast SEO plugin. -->","yoast_head_json":{"title":"KOOPERATION - Svenske, Danske og Norske barnehager i Berlin","robots":{"index":"index","follow":"follow","max-snippet":"max-snippet:-1","max-image-preview":"max-image-preview:large","max-video-preview":"max-video-preview:-1"},"canonical":"https:\/\/nobiwerk.com\/de\/kooperationen\/","og_locale":"de_DE","og_type":"article","og_title":"KOOPERATION - Svenske, Danske og Norske barnehager i Berlin","og_url":"https:\/\/nobiwerk.com\/de\/kooperationen\/","og_site_name":"nobiwerk","article_publisher":"https:\/\/www.facebook.com\/nobiwerk","article_modified_time":"2022-03-04T11:04:56+00:00","og_image":[{"width":310,"height":310,"url":"https:\/\/nobiwerk.com\/wp-content\/uploads\/2019\/11\/nobiwerk-windows-touch-icon-310.png","type":"image\/png"}],"twitter_card":"summary_large_image","twitter_misc":{"Gesch\u00e4tzte Lesezeit":"1\u00a0Minute"},"schema":{"@context":"https:\/\/schema.org","@graph":[{"@type":"WebPage","@id":"https:\/\/nobiwerk.com\/kooperationen","url":"https:\/\/nobiwerk.com\/kooperationen","name":"KOOPERATION - Svenske, Danske og Norske barnehager i Berlin","isPartOf":{"@id":"https:\/\/nobiwerk.com\/#website"},"datePublished":"2019-07-11T13:36:37+00:00","dateModified":"2022-03-04T11:04:56+00:00","breadcrumb":{"@id":"https:\/\/nobiwerk.com\/kooperationen#breadcrumb"},"inLanguage":"de","potentialAction":[{"@type":"ReadAction","target":["https:\/\/nobiwerk.com\/kooperationen"]}]},{"@type":"BreadcrumbList","@id":"https:\/\/nobiwerk.com\/kooperationen#breadcrumb","itemListElement":[{"@type":"ListItem","position":1,"name":"Startseite","item":"https:\/\/nobiwerk.com\/"},{"@type":"ListItem","position":2,"name":"KOOPERATION"}]},{"@type":"WebSite","@id":"https:\/\/nobiwerk.com\/#website","url":"https:\/\/nobiwerk.com\/","name":"nobiwerk","description":"Svenske, Danske og Norske barnehager i Berlin","publisher":{"@id":"https:\/\/nobiwerk.com\/#organization"},"potentialAction":[{"@type":"SearchAction","target":{"@type":"EntryPoint","urlTemplate":"https:\/\/nobiwerk.com\/?s={search_term_string}"},"query-input":"required name=search_term_string"}],"inLanguage":"de"},{"@type":"Organization","@id":"https:\/\/nobiwerk.com\/#organization","name":"nobiwerk","url":"https:\/\/nobiwerk.com\/","logo":{"@type":"ImageObject","inLanguage":"de","@id":"https:\/\/nobiwerk.com\/#\/schema\/logo\/image\/","url":"https:\/\/nobiwerk.com\/wp-content\/uploads\/2019\/11\/nobiwerk-windows-touch-icon-310.png","contentUrl":"https:\/\/nobiwerk.com\/wp-content\/uploads\/2019\/11\/nobiwerk-windows-touch-icon-310.png","width":310,"height":310,"caption":"nobiwerk"},"image":{"@id":"https:\/\/nobiwerk.com\/#\/schema\/logo\/image\/"},"sameAs":["https:\/\/www.facebook.com\/nobiwerk"]}]}},"_links":{"self":[{"href":"https:\/\/nobiwerk.com\/de\/wp-json\/wp\/v2\/pages\/24"}],"collection":[{"href":"https:\/\/nobiwerk.com\/de\/wp-json\/wp\/v2\/pages"}],"about":[{"href":"https:\/\/nobiwerk.com\/de\/wp-json\/wp\/v2\/types\/page"}],"author":[{"embeddable":true,"href":"https:\/\/nobiwerk.com\/de\/wp-json\/wp\/v2\/users\/1"}],"replies":[{"embeddable":true,"href":"https:\/\/nobiwerk.com\/de\/wp-json\/wp\/v2\/comments?post=24"}],"version-history":[{"count":13,"href":"https:\/\/nobiwerk.com\/de\/wp-json\/wp\/v2\/pages\/24\/revisions"}],"predecessor-version":[{"id":1554,"href":"https:\/\/nobiwerk.com\/de\/wp-json\/wp\/v2\/pages\/24\/revisions\/1554"}],"wp:attachment":[{"href":"https:\/\/nobiwerk.com\/de\/wp-json\/wp\/v2\/media?parent=24"}],"curies":[{"name":"wp","href":"https:\/\/api.w.org\/{rel}","templated":true}]}}