{"id":42,"date":"2019-07-11T13:43:23","date_gmt":"2019-07-11T13:43:23","guid":{"rendered":"http:\/\/nobiwerk.com\/?page_id=42"},"modified":"2019-10-25T12:24:21","modified_gmt":"2019-10-25T12:24:21","slug":"familienberatung","status":"publish","type":"page","link":"https:\/\/nobiwerk.com\/de\/frisk-liv\/familienberatung","title":{"rendered":"Familienberatung"},"content":{"rendered":"<div class=\"vc_row wpb_row vc_row-fluid vc_custom_1571990764680 vc_column-gap-20 vc_row-o-equal-height vc_row-o-content-top vc_row-flex\"><div class=\"wpb_column vc_column_container vc_col-sm-8\"><div class=\"vc_column-inner vc_custom_1562869783638\"><div class=\"wpb_wrapper\">\n\t<div class=\"wpb_text_column wpb_content_element  vc_custom_1571947918780 kita\" >\n\t\t<div class=\"wpb_wrapper\">\n\t\t\t<h1>Familienberatung<\/h1>\n<p>In einer Familie zu leben und mit Kindern zu arbeiten ist wundersch\u00f6n. Gleichzeitig bietet es manchmal oder vielleicht sogar h\u00e4ufig viele Herausforderungen. Es kann dann schwierig sein anerkennend und wertsch\u00e4tzend zu sein.<\/p>\n<p>Ein Blick von au\u00dfen und gemeinsam mit den Eltern erm\u00f6glicht schwierige Situationen in einem neuen Licht zu sehen. Wir m\u00f6chten unsere Familien auf dem Weg durch den Familienalltag begleiten und helfen in der Beobachtung zu verstehen.<\/p>\n<p>Monatlich gibt es deswegen in den Kitas Familienberatungstermine. Diese werden euch als Eltern kostenlos zur Verf\u00fcgung gestellt, weil wir diese Arbeit so wertvoll und wichtig finden. Dar\u00fcber hinaus gibt es ein Netzwerk von BeraterInnen, die eine intensivere Begleitung bieten k\u00f6nnen. Es stehen Familienberater, die beim \u201cdeutsch d\u00e4nischen Institut f\u00fcr Familientherapie\u201d ausgebildet sind, f\u00fcr die Familien zur Verf\u00fcgung.<\/p>\n\n\t\t<\/div>\n\t<\/div>\n<\/div><\/div><\/div><div class=\"wpb_column vc_column_container vc_col-sm-4\"><div class=\"vc_column-inner\"><div class=\"wpb_wrapper\"><\/div><\/div><\/div><\/div><div class=\"vc_row wpb_row vc_row-fluid vc_custom_1571990959174 vc_column-gap-20\"><div class=\"wpb_column vc_column_container vc_col-sm-4\"><div class=\"vc_column-inner vc_custom_1562869783638\"><div class=\"wpb_wrapper\"><\/div><\/div><\/div><div class=\"wpb_column vc_column_container vc_col-sm-8 vc_hidden-xs\"><div class=\"vc_column-inner\"><div class=\"wpb_wrapper\"><h1 style=\"color: #97c9c9;text-align: right\" class=\"vc_custom_heading kitaslogan\" >Wir unterst\u00fctzen in der Beobachtung<\/h1><\/div><\/div><\/div><\/div><div class=\"vc_row wpb_row vc_row-fluid vc_custom_1562872533533 vc_column-gap-35\"><div class=\"wpb_column vc_column_container vc_col-sm-6 vc_col-has-fill\"><div class=\"vc_column-inner vc_custom_1571925059143\"><div class=\"wpb_wrapper\">\n\t<div class=\"wpb_text_column wpb_content_element  boxtitle\" >\n\t\t<div class=\"wpb_wrapper\">\n\t\t\t<h3>Ern\u00e4hrung<\/h3>\n<p>Es geht beim Zubereiten von Mahlzeiten mehr: Im vielf\u00e4ltigen Zugang zum Essen sehen wir ein gesundheitsf\u00f6rderndes Konzept. Durch positive Erlebnisse und vielf\u00e4ltige Geschmacksproben wollen wir die nat\u00fcrlichen F\u00e4higkeiten f\u00f6rdern intuitiv die \u201erichtige\u201c Nahrung w\u00e4hlen zu k\u00f6nnen.<\/p>\n\n\t\t<\/div>\n\t<\/div>\n<div class=\"vc_btn3-container vc_btn3-inline\" ><a class=\"vc_general vc_btn3 vc_btn3-size-md vc_btn3-shape-square vc_btn3-style-3d vc_btn3-color-sandy-brown\" href=\"https:\/\/nobiwerk.com\/de\/frisk-liv\/ernaehrung\/\" title=\"\">mehr lesen<\/a><\/div><\/div><\/div><\/div><div class=\"wpb_column vc_column_container vc_col-sm-6 vc_col-has-fill\"><div class=\"vc_column-inner vc_custom_1571925051899\"><div class=\"wpb_wrapper\">\n\t<div class=\"wpb_text_column wpb_content_element  boxtitle\" >\n\t\t<div class=\"wpb_wrapper\">\n\t\t\t<h3>K\u00f6rperarbeit &amp; Beziehung<\/h3>\n<p>Beziehungskompetenz ist ein Konzept, in dem K\u00f6rper\u00fcbungen und Dialoge eingesetzt werden, um unsere nat\u00fcrlichen F\u00e4higkeiten wieder zu entdecken. Um miteinander in einen Dialog zu sein, m\u00fcssen wir ersteinmal wissen, was wir selbst sp\u00fcren. Das k\u00f6nnen wir wiederum unseren Kindern mitgeben.<\/p>\n\n\t\t<\/div>\n\t<\/div>\n<div class=\"vc_btn3-container vc_btn3-inline\" ><a class=\"vc_general vc_btn3 vc_btn3-size-md vc_btn3-shape-square vc_btn3-style-3d vc_btn3-color-sandy-brown\" href=\"https:\/\/nobiwerk.com\/de\/frisk-liv\/koerperarbeit-beziehungskompetenz\/\" title=\"\">mehr lesen<\/a><\/div><\/div><\/div><\/div><\/div><div class=\"vc_row wpb_row vc_row-fluid\"><div class=\"wpb_column vc_column_container vc_col-sm-12\"><div class=\"vc_column-inner\"><div class=\"wpb_wrapper\"><\/div><\/div><\/div><\/div>","protected":false},"excerpt":{"rendered":"Familienberatung In einer Familie zu leben und mit Kindern zu arbeiten ist wundersch\u00f6n. Gleichzeitig bietet es manchmal oder vielleicht sogar h\u00e4ufig viele Herausforderungen. Es kann dann<span class=\"excerpt-hellip\"> [\u2026]<\/span>","protected":false},"author":1,"featured_media":0,"parent":22,"menu_order":0,"comment_status":"closed","ping_status":"closed","template":"","meta":{"footnotes":""},"yoast_head":"<!-- This site is optimized with the Yoast SEO plugin v22.0 - https:\/\/yoast.com\/wordpress\/plugins\/seo\/ -->\n<title>Familienberatung - Svenske, Danske og Norske barnehager i Berlin<\/title>\n<meta name=\"robots\" content=\"index, follow, max-snippet:-1, max-image-preview:large, max-video-preview:-1\" \/>\n<link rel=\"canonical\" href=\"https:\/\/nobiwerk.com\/de\/frisk-liv\/familienberatung\/\" \/>\n<meta property=\"og:locale\" content=\"de_DE\" \/>\n<meta property=\"og:type\" content=\"article\" \/>\n<meta property=\"og:title\" content=\"Familienberatung - Svenske, Danske og Norske barnehager i Berlin\" \/>\n<meta property=\"og:url\" content=\"https:\/\/nobiwerk.com\/de\/frisk-liv\/familienberatung\/\" \/>\n<meta property=\"og:site_name\" content=\"nobiwerk\" \/>\n<meta property=\"article:publisher\" content=\"https:\/\/www.facebook.com\/nobiwerk\" \/>\n<meta property=\"article:modified_time\" content=\"2019-10-25T12:24:21+00:00\" \/>\n<meta property=\"og:image\" content=\"https:\/\/nobiwerk.com\/wp-content\/uploads\/2019\/11\/nobiwerk-windows-touch-icon-310.png\" \/>\n\t<meta property=\"og:image:width\" content=\"310\" \/>\n\t<meta property=\"og:image:height\" content=\"310\" \/>\n\t<meta property=\"og:image:type\" content=\"image\/png\" \/>\n<meta name=\"twitter:card\" content=\"summary_large_image\" \/>\n<meta name=\"twitter:label1\" content=\"Gesch\u00e4tzte Lesezeit\" \/>\n\t<meta name=\"twitter:data1\" content=\"2\u00a0Minuten\" \/>\n<script type=\"application\/ld+json\" class=\"yoast-schema-graph\">{\"@context\":\"https:\/\/schema.org\",\"@graph\":[{\"@type\":\"WebPage\",\"@id\":\"https:\/\/nobiwerk.com\/frisk-liv\/familienberatung\",\"url\":\"https:\/\/nobiwerk.com\/frisk-liv\/familienberatung\",\"name\":\"Familienberatung - Svenske, Danske og Norske barnehager i Berlin\",\"isPartOf\":{\"@id\":\"https:\/\/nobiwerk.com\/#website\"},\"datePublished\":\"2019-07-11T13:43:23+00:00\",\"dateModified\":\"2019-10-25T12:24:21+00:00\",\"breadcrumb\":{\"@id\":\"https:\/\/nobiwerk.com\/frisk-liv\/familienberatung#breadcrumb\"},\"inLanguage\":\"de\",\"potentialAction\":[{\"@type\":\"ReadAction\",\"target\":[\"https:\/\/nobiwerk.com\/frisk-liv\/familienberatung\"]}]},{\"@type\":\"BreadcrumbList\",\"@id\":\"https:\/\/nobiwerk.com\/frisk-liv\/familienberatung#breadcrumb\",\"itemListElement\":[{\"@type\":\"ListItem\",\"position\":1,\"name\":\"Startseite\",\"item\":\"https:\/\/nobiwerk.com\/\"},{\"@type\":\"ListItem\",\"position\":2,\"name\":\"FRISK LIV \/ GUT LEBEN\",\"item\":\"https:\/\/nobiwerk.com\/frisk-liv\"},{\"@type\":\"ListItem\",\"position\":3,\"name\":\"Familienberatung\"}]},{\"@type\":\"WebSite\",\"@id\":\"https:\/\/nobiwerk.com\/#website\",\"url\":\"https:\/\/nobiwerk.com\/\",\"name\":\"nobiwerk\",\"description\":\"Svenske, Danske og Norske barnehager i Berlin\",\"publisher\":{\"@id\":\"https:\/\/nobiwerk.com\/#organization\"},\"potentialAction\":[{\"@type\":\"SearchAction\",\"target\":{\"@type\":\"EntryPoint\",\"urlTemplate\":\"https:\/\/nobiwerk.com\/?s={search_term_string}\"},\"query-input\":\"required name=search_term_string\"}],\"inLanguage\":\"de\"},{\"@type\":\"Organization\",\"@id\":\"https:\/\/nobiwerk.com\/#organization\",\"name\":\"nobiwerk\",\"url\":\"https:\/\/nobiwerk.com\/\",\"logo\":{\"@type\":\"ImageObject\",\"inLanguage\":\"de\",\"@id\":\"https:\/\/nobiwerk.com\/#\/schema\/logo\/image\/\",\"url\":\"https:\/\/nobiwerk.com\/wp-content\/uploads\/2019\/11\/nobiwerk-windows-touch-icon-310.png\",\"contentUrl\":\"https:\/\/nobiwerk.com\/wp-content\/uploads\/2019\/11\/nobiwerk-windows-touch-icon-310.png\",\"width\":310,\"height\":310,\"caption\":\"nobiwerk\"},\"image\":{\"@id\":\"https:\/\/nobiwerk.com\/#\/schema\/logo\/image\/\"},\"sameAs\":[\"https:\/\/www.facebook.com\/nobiwerk\"]}]}<\/script>\n<!-- \/ Yoast SEO plugin. -->","yoast_head_json":{"title":"Familienberatung - Svenske, Danske og Norske barnehager i Berlin","robots":{"index":"index","follow":"follow","max-snippet":"max-snippet:-1","max-image-preview":"max-image-preview:large","max-video-preview":"max-video-preview:-1"},"canonical":"https:\/\/nobiwerk.com\/de\/frisk-liv\/familienberatung\/","og_locale":"de_DE","og_type":"article","og_title":"Familienberatung - Svenske, Danske og Norske barnehager i Berlin","og_url":"https:\/\/nobiwerk.com\/de\/frisk-liv\/familienberatung\/","og_site_name":"nobiwerk","article_publisher":"https:\/\/www.facebook.com\/nobiwerk","article_modified_time":"2019-10-25T12:24:21+00:00","og_image":[{"width":310,"height":310,"url":"https:\/\/nobiwerk.com\/wp-content\/uploads\/2019\/11\/nobiwerk-windows-touch-icon-310.png","type":"image\/png"}],"twitter_card":"summary_large_image","twitter_misc":{"Gesch\u00e4tzte Lesezeit":"2\u00a0Minuten"},"schema":{"@context":"https:\/\/schema.org","@graph":[{"@type":"WebPage","@id":"https:\/\/nobiwerk.com\/frisk-liv\/familienberatung","url":"https:\/\/nobiwerk.com\/frisk-liv\/familienberatung","name":"Familienberatung - Svenske, Danske og Norske barnehager i Berlin","isPartOf":{"@id":"https:\/\/nobiwerk.com\/#website"},"datePublished":"2019-07-11T13:43:23+00:00","dateModified":"2019-10-25T12:24:21+00:00","breadcrumb":{"@id":"https:\/\/nobiwerk.com\/frisk-liv\/familienberatung#breadcrumb"},"inLanguage":"de","potentialAction":[{"@type":"ReadAction","target":["https:\/\/nobiwerk.com\/frisk-liv\/familienberatung"]}]},{"@type":"BreadcrumbList","@id":"https:\/\/nobiwerk.com\/frisk-liv\/familienberatung#breadcrumb","itemListElement":[{"@type":"ListItem","position":1,"name":"Startseite","item":"https:\/\/nobiwerk.com\/"},{"@type":"ListItem","position":2,"name":"FRISK LIV \/ GUT LEBEN","item":"https:\/\/nobiwerk.com\/frisk-liv"},{"@type":"ListItem","position":3,"name":"Familienberatung"}]},{"@type":"WebSite","@id":"https:\/\/nobiwerk.com\/#website","url":"https:\/\/nobiwerk.com\/","name":"nobiwerk","description":"Svenske, Danske og Norske barnehager i Berlin","publisher":{"@id":"https:\/\/nobiwerk.com\/#organization"},"potentialAction":[{"@type":"SearchAction","target":{"@type":"EntryPoint","urlTemplate":"https:\/\/nobiwerk.com\/?s={search_term_string}"},"query-input":"required name=search_term_string"}],"inLanguage":"de"},{"@type":"Organization","@id":"https:\/\/nobiwerk.com\/#organization","name":"nobiwerk","url":"https:\/\/nobiwerk.com\/","logo":{"@type":"ImageObject","inLanguage":"de","@id":"https:\/\/nobiwerk.com\/#\/schema\/logo\/image\/","url":"https:\/\/nobiwerk.com\/wp-content\/uploads\/2019\/11\/nobiwerk-windows-touch-icon-310.png","contentUrl":"https:\/\/nobiwerk.com\/wp-content\/uploads\/2019\/11\/nobiwerk-windows-touch-icon-310.png","width":310,"height":310,"caption":"nobiwerk"},"image":{"@id":"https:\/\/nobiwerk.com\/#\/schema\/logo\/image\/"},"sameAs":["https:\/\/www.facebook.com\/nobiwerk"]}]}},"_links":{"self":[{"href":"https:\/\/nobiwerk.com\/de\/wp-json\/wp\/v2\/pages\/42"}],"collection":[{"href":"https:\/\/nobiwerk.com\/de\/wp-json\/wp\/v2\/pages"}],"about":[{"href":"https:\/\/nobiwerk.com\/de\/wp-json\/wp\/v2\/types\/page"}],"author":[{"embeddable":true,"href":"https:\/\/nobiwerk.com\/de\/wp-json\/wp\/v2\/users\/1"}],"replies":[{"embeddable":true,"href":"https:\/\/nobiwerk.com\/de\/wp-json\/wp\/v2\/comments?post=42"}],"version-history":[{"count":46,"href":"https:\/\/nobiwerk.com\/de\/wp-json\/wp\/v2\/pages\/42\/revisions"}],"predecessor-version":[{"id":1232,"href":"https:\/\/nobiwerk.com\/de\/wp-json\/wp\/v2\/pages\/42\/revisions\/1232"}],"up":[{"embeddable":true,"href":"https:\/\/nobiwerk.com\/de\/wp-json\/wp\/v2\/pages\/22"}],"wp:attachment":[{"href":"https:\/\/nobiwerk.com\/de\/wp-json\/wp\/v2\/media?parent=42"}],"curies":[{"name":"wp","href":"https:\/\/api.w.org\/{rel}","templated":true}]}}