{"id":44,"date":"2019-07-11T13:44:06","date_gmt":"2019-07-11T13:44:06","guid":{"rendered":"http:\/\/nobiwerk.com\/?page_id=44"},"modified":"2019-10-25T14:12:04","modified_gmt":"2019-10-25T14:12:04","slug":"koerperarbeit-beziehungskompetenz","status":"publish","type":"page","link":"https:\/\/nobiwerk.com\/de\/frisk-liv\/koerperarbeit-beziehungskompetenz","title":{"rendered":"K\u00f6rperarbeit &#038; Beziehungskompetenz"},"content":{"rendered":"<div class=\"vc_row wpb_row vc_row-fluid vc_custom_1571992925767 vc_column-gap-20 vc_row-o-equal-height vc_row-o-content-top vc_row-flex\"><div class=\"wpb_column vc_column_container vc_col-sm-8\"><div class=\"vc_column-inner vc_custom_1562869783638\"><div class=\"wpb_wrapper\">\n\t<div class=\"wpb_text_column wpb_content_element  vc_custom_1572012709938 kita\" >\n\t\t<div class=\"wpb_wrapper\">\n\t\t\t<h1>K\u00f6rperarbeit &amp; Beziehungskompetenz<\/h1>\n<p>Wir empfinden, dass das Wichtigste, was wir unseren Kindern mit auf den Weg geben k\u00f6nnen, eine gute Verbindung zu sich selbst ist und die F\u00e4higkeit, anderen offen und authentisch zu begegnen.<\/p>\n<p>Eine gute Verbindung zum eigenen K\u00f6rper zu haben bedeutet nicht, sportliches zu leisten, sondern selbst wahrzunehmen was ist. Um miteinander in einem guten Dialog zu sein, m\u00fcssen wir erst einmal wissen, was wir selbst sp\u00fcren. So haben Kinder und Erwachsene die M\u00f6glichkeit, im Gleichgewicht miteinander zu sein.<\/p>\n<p>In Empathie und Beziehungskompetenz handelt es sich um ein Konzept, in dem K\u00f6rper\u00fcbungen und Dialoge eingesetzt werden, um unsere nat\u00fcrlichen F\u00e4higkeiten, die wir alle mitbringen, wieder zu entdecken &#8211; und diese im Alltag einsetzen zu k\u00f6nnen.<\/p>\n<p>Wir wollen auch zus\u00e4tzlich Techniken nutzen, die unsere Selbstregulation anregen wie Feldenkrais, medizinisches Yoga, Trauma release exercises, Bewegunstherapie und meditative Techniken. Diese geben auf verschiedene Weisen tieferen Kontakt zum eigenen K\u00f6rper.<\/p>\n<p>Wir sind u.a. ausgebildet bei Helle Jensen und anderen Teilnehmern der \u201eD\u00e4nischen Gesellschaft zur F\u00f6rderung von Lebensweisheit in Kindern\u201c, die auch Jesper Juul mitgegr\u00fcndet hat, sowie bei dem deutsch-d\u00e4nischen Institut f\u00fcr Familientherapie.<\/p>\n\n\t\t<\/div>\n\t<\/div>\n<\/div><\/div><\/div><div class=\"wpb_column vc_column_container vc_col-sm-4\"><div class=\"vc_column-inner\"><div class=\"wpb_wrapper\"><\/div><\/div><\/div><\/div><div class=\"vc_row wpb_row vc_row-fluid vc_custom_1571992919561 vc_column-gap-20 vc_row-o-equal-height vc_row-o-content-top vc_row-flex\"><div class=\"wpb_column vc_column_container vc_col-sm-4\"><div class=\"vc_column-inner vc_custom_1562869783638\"><div class=\"wpb_wrapper\"><\/div><\/div><\/div><div class=\"wpb_column vc_column_container vc_col-sm-8 vc_hidden-xs\"><div class=\"vc_column-inner\"><div class=\"wpb_wrapper\"><h2 style=\"color: #97c9c9;text-align: right\" class=\"vc_custom_heading kitaslogan\" >Deine Ressourcen bestimmen deine M\u00f6glichkeiten<\/h2><\/div><\/div><\/div><\/div><div class=\"vc_row wpb_row vc_row-fluid vc_custom_1571949343210 vc_column-gap-35 vc_row-o-equal-height vc_row-flex\"><div class=\"wpb_column vc_column_container vc_col-sm-6 vc_col-has-fill\"><div class=\"vc_column-inner vc_custom_1571992109518\"><div class=\"wpb_wrapper\">\n\t<div class=\"wpb_text_column wpb_content_element  boxtitle\" >\n\t\t<div class=\"wpb_wrapper\">\n\t\t\t<h3>Familienberatung<\/h3>\n<p>F\u00fcr uns bedeutet ein Kind zu begleiten auch die Eltern oder Bezugspersonen miteinzubeziehen. In jeder unserer Einrichtungen steht einmal im Monat eine Familienberatung zu Verf\u00fcgung und kann je nach Bedarf gebucht werden.<\/p>\n\n\t\t<\/div>\n\t<\/div>\n<div class=\"vc_btn3-container vc_btn3-inline\" ><a class=\"vc_general vc_btn3 vc_btn3-size-md vc_btn3-shape-square vc_btn3-style-3d vc_btn3-color-sandy-brown\" href=\"https:\/\/nobiwerk.com\/de\/frisk-liv\/familienberatung\/\" title=\"\">mehr lesen<\/a><\/div><\/div><\/div><\/div><div class=\"wpb_column vc_column_container vc_col-sm-6 vc_col-has-fill\"><div class=\"vc_column-inner vc_custom_1571992101958\"><div class=\"wpb_wrapper\">\n\t<div class=\"wpb_text_column wpb_content_element  boxtitle\" >\n\t\t<div class=\"wpb_wrapper\">\n\t\t\t<h3>Ern\u00e4hrung<\/h3>\n<p>Ein selbstverst\u00e4ndlicher und vielf\u00e4ltiger Zugang zum Essen. Durch positive Erlebnisse und vielf\u00e4ltige Geschmacksproben wollen wir die nat\u00fcrlichen F\u00e4higkeiten f\u00f6rdern intuitiv die \u201erichtige\u201c Nahrung w\u00e4hlen zu k\u00f6nnen.<\/p>\n\n\t\t<\/div>\n\t<\/div>\n<div class=\"vc_btn3-container vc_btn3-inline\" ><a class=\"vc_general vc_btn3 vc_btn3-size-md vc_btn3-shape-square vc_btn3-style-3d vc_btn3-color-sandy-brown\" href=\"https:\/\/nobiwerk.com\/de\/frisk-liv\/ernaehrung\/\" title=\"\">mehr lesen<\/a><\/div><\/div><\/div><\/div><\/div><div class=\"vc_row wpb_row vc_row-fluid\"><div class=\"wpb_column vc_column_container vc_col-sm-12\"><div class=\"vc_column-inner\"><div class=\"wpb_wrapper\"><\/div><\/div><\/div><\/div>","protected":false},"excerpt":{"rendered":"K\u00f6rperarbeit &amp; Beziehungskompetenz Wir empfinden, dass das Wichtigste, was wir unseren Kindern mit auf den Weg geben k\u00f6nnen, eine gute Verbindung zu sich selbst ist und<span class=\"excerpt-hellip\"> [\u2026]<\/span>","protected":false},"author":1,"featured_media":0,"parent":22,"menu_order":0,"comment_status":"closed","ping_status":"closed","template":"","meta":{"footnotes":""},"yoast_head":"<!-- This site is optimized with the Yoast SEO plugin v22.0 - https:\/\/yoast.com\/wordpress\/plugins\/seo\/ -->\n<title>K\u00f6rperarbeit &amp; Beziehungskompetenz - Svenske, Danske og Norske barnehager i Berlin<\/title>\n<meta name=\"robots\" content=\"index, follow, max-snippet:-1, max-image-preview:large, max-video-preview:-1\" \/>\n<link rel=\"canonical\" href=\"https:\/\/nobiwerk.com\/de\/frisk-liv\/koerperarbeit-beziehungskompetenz\/\" \/>\n<meta property=\"og:locale\" content=\"de_DE\" \/>\n<meta property=\"og:type\" content=\"article\" \/>\n<meta property=\"og:title\" content=\"K\u00f6rperarbeit &amp; Beziehungskompetenz - Svenske, Danske og Norske barnehager i Berlin\" \/>\n<meta property=\"og:url\" content=\"https:\/\/nobiwerk.com\/de\/frisk-liv\/koerperarbeit-beziehungskompetenz\/\" \/>\n<meta property=\"og:site_name\" content=\"nobiwerk\" \/>\n<meta property=\"article:publisher\" content=\"https:\/\/www.facebook.com\/nobiwerk\" \/>\n<meta property=\"article:modified_time\" content=\"2019-10-25T14:12:04+00:00\" \/>\n<meta property=\"og:image\" content=\"https:\/\/nobiwerk.com\/wp-content\/uploads\/2019\/11\/nobiwerk-windows-touch-icon-310.png\" \/>\n\t<meta property=\"og:image:width\" content=\"310\" \/>\n\t<meta property=\"og:image:height\" content=\"310\" \/>\n\t<meta property=\"og:image:type\" content=\"image\/png\" \/>\n<meta name=\"twitter:card\" content=\"summary_large_image\" \/>\n<meta name=\"twitter:label1\" content=\"Gesch\u00e4tzte Lesezeit\" \/>\n\t<meta name=\"twitter:data1\" content=\"3\u00a0Minuten\" \/>\n<script type=\"application\/ld+json\" class=\"yoast-schema-graph\">{\"@context\":\"https:\/\/schema.org\",\"@graph\":[{\"@type\":\"WebPage\",\"@id\":\"https:\/\/nobiwerk.com\/frisk-liv\/koerperarbeit-beziehungskompetenz\",\"url\":\"https:\/\/nobiwerk.com\/frisk-liv\/koerperarbeit-beziehungskompetenz\",\"name\":\"K\u00f6rperarbeit & Beziehungskompetenz - Svenske, Danske og Norske barnehager i Berlin\",\"isPartOf\":{\"@id\":\"https:\/\/nobiwerk.com\/#website\"},\"datePublished\":\"2019-07-11T13:44:06+00:00\",\"dateModified\":\"2019-10-25T14:12:04+00:00\",\"breadcrumb\":{\"@id\":\"https:\/\/nobiwerk.com\/frisk-liv\/koerperarbeit-beziehungskompetenz#breadcrumb\"},\"inLanguage\":\"de\",\"potentialAction\":[{\"@type\":\"ReadAction\",\"target\":[\"https:\/\/nobiwerk.com\/frisk-liv\/koerperarbeit-beziehungskompetenz\"]}]},{\"@type\":\"BreadcrumbList\",\"@id\":\"https:\/\/nobiwerk.com\/frisk-liv\/koerperarbeit-beziehungskompetenz#breadcrumb\",\"itemListElement\":[{\"@type\":\"ListItem\",\"position\":1,\"name\":\"Startseite\",\"item\":\"https:\/\/nobiwerk.com\/\"},{\"@type\":\"ListItem\",\"position\":2,\"name\":\"FRISK LIV \/ GUT LEBEN\",\"item\":\"https:\/\/nobiwerk.com\/frisk-liv\"},{\"@type\":\"ListItem\",\"position\":3,\"name\":\"K\u00f6rperarbeit &#038; Beziehungskompetenz\"}]},{\"@type\":\"WebSite\",\"@id\":\"https:\/\/nobiwerk.com\/#website\",\"url\":\"https:\/\/nobiwerk.com\/\",\"name\":\"nobiwerk\",\"description\":\"Svenske, Danske og Norske barnehager i Berlin\",\"publisher\":{\"@id\":\"https:\/\/nobiwerk.com\/#organization\"},\"potentialAction\":[{\"@type\":\"SearchAction\",\"target\":{\"@type\":\"EntryPoint\",\"urlTemplate\":\"https:\/\/nobiwerk.com\/?s={search_term_string}\"},\"query-input\":\"required name=search_term_string\"}],\"inLanguage\":\"de\"},{\"@type\":\"Organization\",\"@id\":\"https:\/\/nobiwerk.com\/#organization\",\"name\":\"nobiwerk\",\"url\":\"https:\/\/nobiwerk.com\/\",\"logo\":{\"@type\":\"ImageObject\",\"inLanguage\":\"de\",\"@id\":\"https:\/\/nobiwerk.com\/#\/schema\/logo\/image\/\",\"url\":\"https:\/\/nobiwerk.com\/wp-content\/uploads\/2019\/11\/nobiwerk-windows-touch-icon-310.png\",\"contentUrl\":\"https:\/\/nobiwerk.com\/wp-content\/uploads\/2019\/11\/nobiwerk-windows-touch-icon-310.png\",\"width\":310,\"height\":310,\"caption\":\"nobiwerk\"},\"image\":{\"@id\":\"https:\/\/nobiwerk.com\/#\/schema\/logo\/image\/\"},\"sameAs\":[\"https:\/\/www.facebook.com\/nobiwerk\"]}]}<\/script>\n<!-- \/ Yoast SEO plugin. -->","yoast_head_json":{"title":"K\u00f6rperarbeit & Beziehungskompetenz - Svenske, Danske og Norske barnehager i Berlin","robots":{"index":"index","follow":"follow","max-snippet":"max-snippet:-1","max-image-preview":"max-image-preview:large","max-video-preview":"max-video-preview:-1"},"canonical":"https:\/\/nobiwerk.com\/de\/frisk-liv\/koerperarbeit-beziehungskompetenz\/","og_locale":"de_DE","og_type":"article","og_title":"K\u00f6rperarbeit & Beziehungskompetenz - Svenske, Danske og Norske barnehager i Berlin","og_url":"https:\/\/nobiwerk.com\/de\/frisk-liv\/koerperarbeit-beziehungskompetenz\/","og_site_name":"nobiwerk","article_publisher":"https:\/\/www.facebook.com\/nobiwerk","article_modified_time":"2019-10-25T14:12:04+00:00","og_image":[{"width":310,"height":310,"url":"https:\/\/nobiwerk.com\/wp-content\/uploads\/2019\/11\/nobiwerk-windows-touch-icon-310.png","type":"image\/png"}],"twitter_card":"summary_large_image","twitter_misc":{"Gesch\u00e4tzte Lesezeit":"3\u00a0Minuten"},"schema":{"@context":"https:\/\/schema.org","@graph":[{"@type":"WebPage","@id":"https:\/\/nobiwerk.com\/frisk-liv\/koerperarbeit-beziehungskompetenz","url":"https:\/\/nobiwerk.com\/frisk-liv\/koerperarbeit-beziehungskompetenz","name":"K\u00f6rperarbeit & Beziehungskompetenz - Svenske, Danske og Norske barnehager i Berlin","isPartOf":{"@id":"https:\/\/nobiwerk.com\/#website"},"datePublished":"2019-07-11T13:44:06+00:00","dateModified":"2019-10-25T14:12:04+00:00","breadcrumb":{"@id":"https:\/\/nobiwerk.com\/frisk-liv\/koerperarbeit-beziehungskompetenz#breadcrumb"},"inLanguage":"de","potentialAction":[{"@type":"ReadAction","target":["https:\/\/nobiwerk.com\/frisk-liv\/koerperarbeit-beziehungskompetenz"]}]},{"@type":"BreadcrumbList","@id":"https:\/\/nobiwerk.com\/frisk-liv\/koerperarbeit-beziehungskompetenz#breadcrumb","itemListElement":[{"@type":"ListItem","position":1,"name":"Startseite","item":"https:\/\/nobiwerk.com\/"},{"@type":"ListItem","position":2,"name":"FRISK LIV \/ GUT LEBEN","item":"https:\/\/nobiwerk.com\/frisk-liv"},{"@type":"ListItem","position":3,"name":"K\u00f6rperarbeit &#038; Beziehungskompetenz"}]},{"@type":"WebSite","@id":"https:\/\/nobiwerk.com\/#website","url":"https:\/\/nobiwerk.com\/","name":"nobiwerk","description":"Svenske, Danske og Norske barnehager i Berlin","publisher":{"@id":"https:\/\/nobiwerk.com\/#organization"},"potentialAction":[{"@type":"SearchAction","target":{"@type":"EntryPoint","urlTemplate":"https:\/\/nobiwerk.com\/?s={search_term_string}"},"query-input":"required name=search_term_string"}],"inLanguage":"de"},{"@type":"Organization","@id":"https:\/\/nobiwerk.com\/#organization","name":"nobiwerk","url":"https:\/\/nobiwerk.com\/","logo":{"@type":"ImageObject","inLanguage":"de","@id":"https:\/\/nobiwerk.com\/#\/schema\/logo\/image\/","url":"https:\/\/nobiwerk.com\/wp-content\/uploads\/2019\/11\/nobiwerk-windows-touch-icon-310.png","contentUrl":"https:\/\/nobiwerk.com\/wp-content\/uploads\/2019\/11\/nobiwerk-windows-touch-icon-310.png","width":310,"height":310,"caption":"nobiwerk"},"image":{"@id":"https:\/\/nobiwerk.com\/#\/schema\/logo\/image\/"},"sameAs":["https:\/\/www.facebook.com\/nobiwerk"]}]}},"_links":{"self":[{"href":"https:\/\/nobiwerk.com\/de\/wp-json\/wp\/v2\/pages\/44"}],"collection":[{"href":"https:\/\/nobiwerk.com\/de\/wp-json\/wp\/v2\/pages"}],"about":[{"href":"https:\/\/nobiwerk.com\/de\/wp-json\/wp\/v2\/types\/page"}],"author":[{"embeddable":true,"href":"https:\/\/nobiwerk.com\/de\/wp-json\/wp\/v2\/users\/1"}],"replies":[{"embeddable":true,"href":"https:\/\/nobiwerk.com\/de\/wp-json\/wp\/v2\/comments?post=44"}],"version-history":[{"count":37,"href":"https:\/\/nobiwerk.com\/de\/wp-json\/wp\/v2\/pages\/44\/revisions"}],"predecessor-version":[{"id":1234,"href":"https:\/\/nobiwerk.com\/de\/wp-json\/wp\/v2\/pages\/44\/revisions\/1234"}],"up":[{"embeddable":true,"href":"https:\/\/nobiwerk.com\/de\/wp-json\/wp\/v2\/pages\/22"}],"wp:attachment":[{"href":"https:\/\/nobiwerk.com\/de\/wp-json\/wp\/v2\/media?parent=44"}],"curies":[{"name":"wp","href":"https:\/\/api.w.org\/{rel}","templated":true}]}}