{"id":46,"date":"2019-07-11T13:45:19","date_gmt":"2019-07-11T13:45:19","guid":{"rendered":"http:\/\/nobiwerk.com\/?page_id=46"},"modified":"2019-10-25T14:10:53","modified_gmt":"2019-10-25T14:10:53","slug":"ernaehrung","status":"publish","type":"page","link":"https:\/\/nobiwerk.com\/de\/frisk-liv\/ernaehrung","title":{"rendered":"Ern\u00e4hrung"},"content":{"rendered":"<div class=\"vc_row wpb_row vc_row-fluid vc_custom_1571992771126 vc_column-gap-20 vc_row-o-equal-height vc_row-o-content-top vc_row-flex\"><div class=\"wpb_column vc_column_container vc_col-sm-8\"><div class=\"vc_column-inner vc_custom_1562869783638\"><div class=\"wpb_wrapper\">\n\t<div class=\"wpb_text_column wpb_content_element  vc_custom_1572012649746 kita\" >\n\t\t<div class=\"wpb_wrapper\">\n\t\t\t<h1>Ern\u00e4hrung<\/h1>\n<p>Nahrung ist f\u00fcr uns nicht nur etwas zum satt werden \u2013 in unsere Kitak\u00fcchen wird das Essen selbst gekocht und mit allen Sinnen erlebt. Unsere Speisen f\u00fcr die Kindern werden so nat\u00fcrlich wie m\u00f6glich zubereitet. Wir verarbeiten bewusst saisonales Obst und Gem\u00fcse aus der Region und haben einen hohen Anteil an Bioprodukten. Wir achten auf die richtigen N\u00e4hrwertzusammenstellung der Mahlzeiten und sorgen bei Allergien und Unvertr\u00e4glichkeiten f\u00fcr gute nahrhafte Alternativen.<\/p>\n<p>Aber f\u00fcr uns geht es beim Zubereiten von Mahlzeiten um vieles mehr: Im vielf\u00e4ltigen Zugang zum Essen sehen wir ein gesundheitsf\u00f6rderndes Konzept. Durch positive Erlebnisse und vielf\u00e4ltige Geschmacksproben wollen wir die nat\u00fcrlichen F\u00e4higkeiten f\u00f6rdern, ein Leben lang intuitiv die \u201erichtige\u201c Nahrung nach seinem individuellen Bed\u00fcrfnis w\u00e4hlen zu k\u00f6nnen.<\/p>\n<p>Im Kochlabor erleben die Kinder mit allen Sinnen wie Lebensmittel entstehen: Wir riechen, f\u00fchlen , schmecken und stellen selber etwas her. Jedes Kind bekommt somit die M\u00f6glichkeit Nahrung in Experimenten und Kochworkshops zu erleben. Die Kinder begegnen Lebensmitteln in einem anderen Kontext, was sie offener werden lassen kann und sie ihre Selbstwirksamkeit sp\u00fcren l\u00e4sst.<\/p>\n<p>Auch den Rest der Familie m\u00f6chten wir gerne zuk\u00fcnftig mit unserer Ern\u00e4hrungsphilosophie bekannt machen, so dass es Ern\u00e4hrungsberatungen und Familien Foodlabs geben wird.<\/p>\n\n\t\t<\/div>\n\t<\/div>\n<\/div><\/div><\/div><div class=\"wpb_column vc_column_container vc_col-sm-4\"><div class=\"vc_column-inner\"><div class=\"wpb_wrapper\"><\/div><\/div><\/div><\/div><div class=\"vc_row wpb_row vc_row-fluid vc_custom_1571992782425 vc_column-gap-20 vc_row-o-equal-height vc_row-o-content-top vc_row-flex\"><div class=\"wpb_column vc_column_container vc_col-sm-3\"><div class=\"vc_column-inner vc_custom_1562869783638\"><div class=\"wpb_wrapper\"><\/div><\/div><\/div><div class=\"wpb_column vc_column_container vc_col-sm-9 vc_hidden-xs\"><div class=\"vc_column-inner\"><div class=\"wpb_wrapper\"><h2 style=\"color: #97c9c9;text-align: right\" class=\"vc_custom_heading kitaslogan\" >Vielf\u00e4ltige Geschmacksproben f\u00f6rdern die nat\u00fcrlich F\u00e4higkeit intuitiv die \u201erichtige\u201c Nahrung zu w\u00e4hlen<\/h2><\/div><\/div><\/div><\/div><div class=\"vc_row wpb_row vc_row-fluid vc_custom_1571949144779 vc_column-gap-35 vc_row-o-equal-height vc_row-flex\"><div class=\"wpb_column vc_column_container vc_col-sm-6 vc_col-has-fill\"><div class=\"vc_column-inner vc_custom_1571992412637\"><div class=\"wpb_wrapper\">\n\t<div class=\"wpb_text_column wpb_content_element  boxtitle\" >\n\t\t<div class=\"wpb_wrapper\">\n\t\t\t<h3>Familienberatung<\/h3>\n<p>F\u00fcr uns bedeutet ein Kind zu begleiten auch die Eltern oder Bezugspersonen miteinzubeziehen. In jeder unserer Einrichtungen steht einmal im Monat eine Familienberatung zu Verf\u00fcgung und kann je nach Bedarf gebucht werden.<\/p>\n\n\t\t<\/div>\n\t<\/div>\n<div class=\"vc_btn3-container vc_btn3-inline\" ><a class=\"vc_general vc_btn3 vc_btn3-size-md vc_btn3-shape-square vc_btn3-style-3d vc_btn3-color-sandy-brown\" href=\"https:\/\/nobiwerk.com\/de\/frisk-liv\/familienberatung\/\" title=\"\">mehr lesen<\/a><\/div><\/div><\/div><\/div><div class=\"wpb_column vc_column_container vc_col-sm-6 vc_col-has-fill\"><div class=\"vc_column-inner vc_custom_1571992594144\"><div class=\"wpb_wrapper\">\n\t<div class=\"wpb_text_column wpb_content_element  boxtitle\" >\n\t\t<div class=\"wpb_wrapper\">\n\t\t\t<h3>K\u00f6rperarbeit &amp; Beziehung<\/h3>\n<p>Um miteinander in einen Dialog zu sein, m\u00fcssen wir ersteinmal wissen, was wir selbst sp\u00fcren. Beziehungskompetenz ist ein Konzept, in dem K\u00f6rper\u00fcbungen und Dialoge eingesetzt werden, um unsere nat\u00fcrlichen F\u00e4higkeiten wieder zu entdecken.<\/p>\n\n\t\t<\/div>\n\t<\/div>\n<div class=\"vc_btn3-container vc_btn3-inline\" ><a class=\"vc_general vc_btn3 vc_btn3-size-md vc_btn3-shape-square vc_btn3-style-3d vc_btn3-color-sandy-brown\" href=\"https:\/\/nobiwerk.com\/de\/frisk-liv\/koerperarbeit-beziehungskompetenz\/\" title=\"\">mehr lesen<\/a><\/div><\/div><\/div><\/div><\/div><div class=\"vc_row wpb_row vc_row-fluid\"><div class=\"wpb_column vc_column_container vc_col-sm-12\"><div class=\"vc_column-inner\"><div class=\"wpb_wrapper\"><\/div><\/div><\/div><\/div>","protected":false},"excerpt":{"rendered":"Ern\u00e4hrung Nahrung ist f\u00fcr uns nicht nur etwas zum satt werden \u2013 in unsere Kitak\u00fcchen wird das Essen selbst gekocht und mit allen Sinnen erlebt. Unsere<span class=\"excerpt-hellip\"> [\u2026]<\/span>","protected":false},"author":1,"featured_media":0,"parent":22,"menu_order":0,"comment_status":"closed","ping_status":"closed","template":"","meta":{"footnotes":""},"yoast_head":"<!-- This site is optimized with the Yoast SEO plugin v22.0 - https:\/\/yoast.com\/wordpress\/plugins\/seo\/ -->\n<title>Ern\u00e4hrung - Svenske, Danske og Norske barnehager i Berlin<\/title>\n<meta name=\"robots\" content=\"index, follow, max-snippet:-1, max-image-preview:large, max-video-preview:-1\" \/>\n<link rel=\"canonical\" href=\"https:\/\/nobiwerk.com\/de\/frisk-liv\/ernaehrung\/\" \/>\n<meta property=\"og:locale\" content=\"de_DE\" \/>\n<meta property=\"og:type\" content=\"article\" \/>\n<meta property=\"og:title\" content=\"Ern\u00e4hrung - Svenske, Danske og Norske barnehager i Berlin\" \/>\n<meta property=\"og:url\" content=\"https:\/\/nobiwerk.com\/de\/frisk-liv\/ernaehrung\/\" \/>\n<meta property=\"og:site_name\" content=\"nobiwerk\" \/>\n<meta property=\"article:publisher\" content=\"https:\/\/www.facebook.com\/nobiwerk\" \/>\n<meta property=\"article:modified_time\" content=\"2019-10-25T14:10:53+00:00\" \/>\n<meta property=\"og:image\" content=\"https:\/\/nobiwerk.com\/wp-content\/uploads\/2019\/11\/nobiwerk-windows-touch-icon-310.png\" \/>\n\t<meta property=\"og:image:width\" content=\"310\" \/>\n\t<meta property=\"og:image:height\" content=\"310\" \/>\n\t<meta property=\"og:image:type\" content=\"image\/png\" \/>\n<meta name=\"twitter:card\" content=\"summary_large_image\" \/>\n<meta name=\"twitter:label1\" content=\"Gesch\u00e4tzte Lesezeit\" \/>\n\t<meta name=\"twitter:data1\" content=\"3\u00a0Minuten\" \/>\n<script type=\"application\/ld+json\" class=\"yoast-schema-graph\">{\"@context\":\"https:\/\/schema.org\",\"@graph\":[{\"@type\":\"WebPage\",\"@id\":\"https:\/\/nobiwerk.com\/frisk-liv\/ernaehrung\",\"url\":\"https:\/\/nobiwerk.com\/frisk-liv\/ernaehrung\",\"name\":\"Ern\u00e4hrung - Svenske, Danske og Norske barnehager i Berlin\",\"isPartOf\":{\"@id\":\"https:\/\/nobiwerk.com\/#website\"},\"datePublished\":\"2019-07-11T13:45:19+00:00\",\"dateModified\":\"2019-10-25T14:10:53+00:00\",\"breadcrumb\":{\"@id\":\"https:\/\/nobiwerk.com\/frisk-liv\/ernaehrung#breadcrumb\"},\"inLanguage\":\"de\",\"potentialAction\":[{\"@type\":\"ReadAction\",\"target\":[\"https:\/\/nobiwerk.com\/frisk-liv\/ernaehrung\"]}]},{\"@type\":\"BreadcrumbList\",\"@id\":\"https:\/\/nobiwerk.com\/frisk-liv\/ernaehrung#breadcrumb\",\"itemListElement\":[{\"@type\":\"ListItem\",\"position\":1,\"name\":\"Startseite\",\"item\":\"https:\/\/nobiwerk.com\/\"},{\"@type\":\"ListItem\",\"position\":2,\"name\":\"FRISK LIV \/ GUT LEBEN\",\"item\":\"https:\/\/nobiwerk.com\/frisk-liv\"},{\"@type\":\"ListItem\",\"position\":3,\"name\":\"Ern\u00e4hrung\"}]},{\"@type\":\"WebSite\",\"@id\":\"https:\/\/nobiwerk.com\/#website\",\"url\":\"https:\/\/nobiwerk.com\/\",\"name\":\"nobiwerk\",\"description\":\"Svenske, Danske og Norske barnehager i Berlin\",\"publisher\":{\"@id\":\"https:\/\/nobiwerk.com\/#organization\"},\"potentialAction\":[{\"@type\":\"SearchAction\",\"target\":{\"@type\":\"EntryPoint\",\"urlTemplate\":\"https:\/\/nobiwerk.com\/?s={search_term_string}\"},\"query-input\":\"required name=search_term_string\"}],\"inLanguage\":\"de\"},{\"@type\":\"Organization\",\"@id\":\"https:\/\/nobiwerk.com\/#organization\",\"name\":\"nobiwerk\",\"url\":\"https:\/\/nobiwerk.com\/\",\"logo\":{\"@type\":\"ImageObject\",\"inLanguage\":\"de\",\"@id\":\"https:\/\/nobiwerk.com\/#\/schema\/logo\/image\/\",\"url\":\"https:\/\/nobiwerk.com\/wp-content\/uploads\/2019\/11\/nobiwerk-windows-touch-icon-310.png\",\"contentUrl\":\"https:\/\/nobiwerk.com\/wp-content\/uploads\/2019\/11\/nobiwerk-windows-touch-icon-310.png\",\"width\":310,\"height\":310,\"caption\":\"nobiwerk\"},\"image\":{\"@id\":\"https:\/\/nobiwerk.com\/#\/schema\/logo\/image\/\"},\"sameAs\":[\"https:\/\/www.facebook.com\/nobiwerk\"]}]}<\/script>\n<!-- \/ Yoast SEO plugin. -->","yoast_head_json":{"title":"Ern\u00e4hrung - Svenske, Danske og Norske barnehager i Berlin","robots":{"index":"index","follow":"follow","max-snippet":"max-snippet:-1","max-image-preview":"max-image-preview:large","max-video-preview":"max-video-preview:-1"},"canonical":"https:\/\/nobiwerk.com\/de\/frisk-liv\/ernaehrung\/","og_locale":"de_DE","og_type":"article","og_title":"Ern\u00e4hrung - Svenske, Danske og Norske barnehager i Berlin","og_url":"https:\/\/nobiwerk.com\/de\/frisk-liv\/ernaehrung\/","og_site_name":"nobiwerk","article_publisher":"https:\/\/www.facebook.com\/nobiwerk","article_modified_time":"2019-10-25T14:10:53+00:00","og_image":[{"width":310,"height":310,"url":"https:\/\/nobiwerk.com\/wp-content\/uploads\/2019\/11\/nobiwerk-windows-touch-icon-310.png","type":"image\/png"}],"twitter_card":"summary_large_image","twitter_misc":{"Gesch\u00e4tzte Lesezeit":"3\u00a0Minuten"},"schema":{"@context":"https:\/\/schema.org","@graph":[{"@type":"WebPage","@id":"https:\/\/nobiwerk.com\/frisk-liv\/ernaehrung","url":"https:\/\/nobiwerk.com\/frisk-liv\/ernaehrung","name":"Ern\u00e4hrung - Svenske, Danske og Norske barnehager i Berlin","isPartOf":{"@id":"https:\/\/nobiwerk.com\/#website"},"datePublished":"2019-07-11T13:45:19+00:00","dateModified":"2019-10-25T14:10:53+00:00","breadcrumb":{"@id":"https:\/\/nobiwerk.com\/frisk-liv\/ernaehrung#breadcrumb"},"inLanguage":"de","potentialAction":[{"@type":"ReadAction","target":["https:\/\/nobiwerk.com\/frisk-liv\/ernaehrung"]}]},{"@type":"BreadcrumbList","@id":"https:\/\/nobiwerk.com\/frisk-liv\/ernaehrung#breadcrumb","itemListElement":[{"@type":"ListItem","position":1,"name":"Startseite","item":"https:\/\/nobiwerk.com\/"},{"@type":"ListItem","position":2,"name":"FRISK LIV \/ GUT LEBEN","item":"https:\/\/nobiwerk.com\/frisk-liv"},{"@type":"ListItem","position":3,"name":"Ern\u00e4hrung"}]},{"@type":"WebSite","@id":"https:\/\/nobiwerk.com\/#website","url":"https:\/\/nobiwerk.com\/","name":"nobiwerk","description":"Svenske, Danske og Norske barnehager i Berlin","publisher":{"@id":"https:\/\/nobiwerk.com\/#organization"},"potentialAction":[{"@type":"SearchAction","target":{"@type":"EntryPoint","urlTemplate":"https:\/\/nobiwerk.com\/?s={search_term_string}"},"query-input":"required name=search_term_string"}],"inLanguage":"de"},{"@type":"Organization","@id":"https:\/\/nobiwerk.com\/#organization","name":"nobiwerk","url":"https:\/\/nobiwerk.com\/","logo":{"@type":"ImageObject","inLanguage":"de","@id":"https:\/\/nobiwerk.com\/#\/schema\/logo\/image\/","url":"https:\/\/nobiwerk.com\/wp-content\/uploads\/2019\/11\/nobiwerk-windows-touch-icon-310.png","contentUrl":"https:\/\/nobiwerk.com\/wp-content\/uploads\/2019\/11\/nobiwerk-windows-touch-icon-310.png","width":310,"height":310,"caption":"nobiwerk"},"image":{"@id":"https:\/\/nobiwerk.com\/#\/schema\/logo\/image\/"},"sameAs":["https:\/\/www.facebook.com\/nobiwerk"]}]}},"_links":{"self":[{"href":"https:\/\/nobiwerk.com\/de\/wp-json\/wp\/v2\/pages\/46"}],"collection":[{"href":"https:\/\/nobiwerk.com\/de\/wp-json\/wp\/v2\/pages"}],"about":[{"href":"https:\/\/nobiwerk.com\/de\/wp-json\/wp\/v2\/types\/page"}],"author":[{"embeddable":true,"href":"https:\/\/nobiwerk.com\/de\/wp-json\/wp\/v2\/users\/1"}],"replies":[{"embeddable":true,"href":"https:\/\/nobiwerk.com\/de\/wp-json\/wp\/v2\/comments?post=46"}],"version-history":[{"count":53,"href":"https:\/\/nobiwerk.com\/de\/wp-json\/wp\/v2\/pages\/46\/revisions"}],"predecessor-version":[{"id":1233,"href":"https:\/\/nobiwerk.com\/de\/wp-json\/wp\/v2\/pages\/46\/revisions\/1233"}],"up":[{"embeddable":true,"href":"https:\/\/nobiwerk.com\/de\/wp-json\/wp\/v2\/pages\/22"}],"wp:attachment":[{"href":"https:\/\/nobiwerk.com\/de\/wp-json\/wp\/v2\/media?parent=46"}],"curies":[{"name":"wp","href":"https:\/\/api.w.org\/{rel}","templated":true}]}}